{"id":8282,"date":"2022-11-08T15:39:07","date_gmt":"2022-11-08T14:39:07","guid":{"rendered":"http:\/\/chenes.adiane.eu\/mentions-legales\/"},"modified":"2025-12-08T18:03:07","modified_gmt":"2025-12-08T17:03:07","slug":"disclaimer","status":"publish","type":"page","link":"https:\/\/camping-leschenes-dax.com\/en\/disclaimer\/","title":{"rendered":"Mentions l\u00e9gales"},"content":{"rendered":"<p><div class=\"fusion-fullwidth fullwidth-box fusion-builder-row-1 fusion-flex-container has-pattern-background has-mask-background fusion-parallax-none nonhundred-percent-fullwidth non-hundred-percent-height-scrolling lazyload\" style=\"--awb-background-position:center top;--awb-border-radius-top-left:0px;--awb-border-radius-top-right:0px;--awb-border-radius-bottom-right:0px;--awb-border-radius-bottom-left:0px;--awb-padding-top:70px;--awb-padding-bottom:0px;--awb-padding-top-medium:40px;--awb-padding-bottom-medium:0px;--awb-padding-top-small:20px;--awb-padding-bottom-small:0px;--awb-margin-bottom:0px;--awb-margin-bottom-medium:0px;--awb-margin-bottom-small:0px;--awb-background-size:cover;--awb-flex-wrap:wrap;\" data-bg=\"https:\/\/camping-leschenes-dax.com\/wp-content\/uploads\/2022\/11\/fond_page_int2.svg\" ><div class=\"fusion-builder-row fusion-row fusion-flex-align-items-flex-start fusion-flex-justify-content-center fusion-flex-content-wrap\" style=\"max-width:1300px;margin-left: calc(-4% \/ 2 );margin-right: calc(-4% \/ 2 );\"><div class=\"fusion-layout-column fusion_builder_column fusion-builder-column-0 fusion-flex-column\" style=\"--awb-padding-top:50px;--awb-padding-right:50px;--awb-padding-left:50px;--awb-padding-top-medium:30px;--awb-padding-right-medium:30px;--awb-padding-bottom-medium:0px;--awb-padding-left-medium:30px;--awb-padding-top-small:30px;--awb-padding-right-small:30px;--awb-padding-bottom-small:0px;--awb-padding-left-small:30px;--awb-bg-color:var(--awb-custom_color_2);--awb-bg-color-hover:var(--awb-custom_color_2);--awb-bg-size:cover;--awb-width-large:90%;--awb-margin-top-large:-150px;--awb-spacing-right-large:2.1333333333333%;--awb-margin-bottom-large:20px;--awb-spacing-left-large:2.1333333333333%;--awb-width-medium:90%;--awb-order-medium:1;--awb-margin-top-medium:-150px;--awb-spacing-right-medium:2.1333333333333%;--awb-spacing-left-medium:2.1333333333333%;--awb-width-small:100%;--awb-order-small:1;--awb-margin-top-small:-100px;--awb-spacing-right-small:1.92%;--awb-spacing-left-small:1.92%;\"><div class=\"fusion-column-wrapper fusion-column-has-shadow fusion-flex-justify-content-flex-start fusion-content-layout-column\"><div class=\"fusion-title title fusion-title-1 fusion-title-center fusion-title-text fusion-title-size-one\" style=\"--awb-margin-bottom:0px;--awb-font-size:20px;\"><div class=\"title-sep-container title-sep-container-left\"><div class=\"title-sep sep- sep-solid\" style=\"border-color:var(--awb-color3);\"><\/div><\/div><span class=\"awb-title-spacer\"><\/span><h1 class=\"fusion-title-heading title-heading-center fusion-responsive-typography-calculated\" style=\"font-family:&quot;Poppins&quot;;font-style:normal;font-weight:500;margin:0;text-transform:uppercase;font-size:1em;--fontSize:20;--minFontSize:20;line-height:1;\">4-star Camping les Ch\u00eanes<\/h1><span class=\"awb-title-spacer\"><\/span><div class=\"title-sep-container title-sep-container-right\"><div class=\"title-sep sep- sep-solid\" style=\"border-color:var(--awb-color3);\"><\/div><\/div><\/div><div class=\"fusion-title title fusion-title-2 fusion-title-center fusion-title-text fusion-title-size-two\" style=\"--awb-text-color:var(--awb-color7);--awb-margin-top:5px;--awb-margin-bottom:0px;\"><div class=\"title-sep-container title-sep-container-left\"><div class=\"title-sep sep- sep-solid\" style=\"border-color:var(--awb-color3);\"><\/div><\/div><span class=\"awb-title-spacer\"><\/span><h2 class=\"fusion-title-heading title-heading-center fusion-responsive-typography-calculated\" style=\"font-family:&quot;Howling wolf&quot;;font-style:normal;font-weight:400;margin:0;text-transform:none;--fontSize:38;line-height:1.1;\">Disclaimer<\/h2><span class=\"awb-title-spacer\"><\/span><div class=\"title-sep-container title-sep-container-right\"><div class=\"title-sep sep- sep-solid\" style=\"border-color:var(--awb-color3);\"><\/div><\/div><\/div><div class=\"fusion-image-element \" style=\"text-align:center;--awb-margin-top:5px;--awb-margin-bottom:5px;--awb-caption-title-font-family:var(--h2_typography-font-family);--awb-caption-title-font-weight:var(--h2_typography-font-weight);--awb-caption-title-font-style:var(--h2_typography-font-style);--awb-caption-title-size:var(--h2_typography-font-size);--awb-caption-title-transform:var(--h2_typography-text-transform);--awb-caption-title-line-height:var(--h2_typography-line-height);--awb-caption-title-letter-spacing:var(--h2_typography-letter-spacing);\"><span class=\" fusion-imageframe imageframe-none imageframe-1 hover-type-none\"><img decoding=\"async\" width=\"59\" height=\"24\" title=\"wave\" src=\"data:image\/svg+xml,%3Csvg%20xmlns%3D%27http%3A%2F%2Fwww.w3.org%2F2000%2Fsvg%27%20width%3D%2759%27%20height%3D%2724%27%20viewBox%3D%270%200%2059%2024%27%3E%3Crect%20width%3D%2759%27%20height%3D%2724%27%20fill-opacity%3D%220%22%2F%3E%3C%2Fsvg%3E\" data-orig-src=\"https:\/\/camping-leschenes-dax.com\/wp-content\/uploads\/2022\/10\/wave.png\" alt class=\"lazyload img-responsive wp-image-7758\"\/><\/span><\/div><\/div><\/div><div class=\"fusion-layout-column fusion_builder_column fusion-builder-column-1 fusion_builder_column_2_5 2_5 fusion-flex-column\" style=\"--awb-bg-size:cover;--awb-width-large:40%;--awb-margin-top-large:0px;--awb-spacing-right-large:4.8%;--awb-margin-bottom-large:20px;--awb-spacing-left-large:4.8%;--awb-width-medium:40%;--awb-order-medium:2;--awb-spacing-right-medium:4.8%;--awb-spacing-left-medium:4.8%;--awb-width-small:100%;--awb-order-small:2;--awb-spacing-right-small:1.92%;--awb-spacing-left-small:1.92%;\"><div class=\"fusion-column-wrapper fusion-column-has-shadow fusion-flex-justify-content-flex-start fusion-content-layout-column\"><ul style=\"--awb-size:15px;--awb-iconcolor:var(--awb-color4);--awb-textcolor:var(--awb-color6);--awb-line-height:25.5px;--awb-icon-width:25.5px;--awb-icon-height:25.5px;--awb-icon-margin:10.5px;--awb-content-margin:36px;\" class=\"fusion-checklist fusion-checklist-1 fusion-checklist-default type-icons\"><li class=\"fusion-li-item\" style=\"\"><span class=\"icon-wrapper circle-no\"><i class=\"fusion-li-icon fa-map-marker-alt fas\" aria-hidden=\"true\"><\/i><\/span><div class=\"fusion-li-item-content\">\n<p><strong>Camping les Ch\u00eanes<\/strong><br \/>\nAll\u00e9e du Bois de Boulogne<br \/>\n40 100 DAX (Landes)<\/p>\n<\/div><\/li><\/ul><\/div><\/div><div class=\"fusion-layout-column fusion_builder_column fusion-builder-column-2 fusion_builder_column_2_5 2_5 fusion-flex-column\" style=\"--awb-bg-size:cover;--awb-width-large:40%;--awb-margin-top-large:0px;--awb-spacing-right-large:4.8%;--awb-margin-bottom-large:20px;--awb-spacing-left-large:4.8%;--awb-width-medium:40%;--awb-order-medium:3;--awb-spacing-right-medium:4.8%;--awb-spacing-left-medium:4.8%;--awb-width-small:100%;--awb-order-small:3;--awb-spacing-right-small:1.92%;--awb-spacing-left-small:1.92%;\"><div class=\"fusion-column-wrapper fusion-column-has-shadow fusion-flex-justify-content-flex-start fusion-content-layout-column\"><ul style=\"--awb-size:15px;--awb-iconcolor:var(--awb-color4);--awb-textcolor:var(--awb-color6);--awb-line-height:25.5px;--awb-icon-width:25.5px;--awb-icon-height:25.5px;--awb-icon-margin:10.5px;--awb-content-margin:36px;\" class=\"fusion-checklist fusion-checklist-2 fusion-checklist-default type-icons\"><li class=\"fusion-li-item\" style=\"\"><span class=\"icon-wrapper circle-no\"><i class=\"fusion-li-icon fa-phone-alt fas\" aria-hidden=\"true\"><\/i><\/span><div class=\"fusion-li-item-content\">\n<p>+33 (0)5 58 90 05 53<\/p>\n<\/div><\/li><\/ul><ul style=\"--awb-size:15px;--awb-iconcolor:var(--awb-color4);--awb-textcolor:var(--awb-color6);--awb-line-height:25.5px;--awb-icon-width:25.5px;--awb-icon-height:25.5px;--awb-icon-margin:10.5px;--awb-content-margin:36px;\" class=\"fusion-checklist fusion-checklist-3 fusion-checklist-default type-icons\"><li class=\"fusion-li-item\" style=\"\"><span class=\"icon-wrapper circle-no\"><i class=\"fusion-li-icon fa-check fas\" aria-hidden=\"true\"><\/i><\/span><div class=\"fusion-li-item-content\">\n<p><strong>RCS :<\/strong> 815 197 330 00013<\/p>\n<\/div><\/li><\/ul><\/div><\/div><\/div><\/div><div class=\"fusion-fullwidth fullwidth-box fusion-builder-row-2 fusion-flex-container has-pattern-background has-mask-background fusion-parallax-none nonhundred-percent-fullwidth non-hundred-percent-height-scrolling lazyload\" style=\"--awb-background-position:center top;--awb-border-radius-top-left:0px;--awb-border-radius-top-right:0px;--awb-border-radius-bottom-right:0px;--awb-border-radius-bottom-left:0px;--awb-padding-top:0px;--awb-padding-bottom:0px;--awb-padding-top-medium:0px;--awb-padding-bottom-medium:0px;--awb-padding-top-small:0px;--awb-padding-bottom-small:0px;--awb-margin-bottom:0px;--awb-margin-bottom-medium:0px;--awb-margin-bottom-small:0px;--awb-background-size:cover;--awb-flex-wrap:wrap;\" data-bg=\"https:\/\/camping-leschenes-dax.com\/wp-content\/uploads\/2022\/11\/page5.svg\" ><div class=\"fusion-builder-row fusion-row fusion-flex-align-items-flex-start fusion-flex-justify-content-center fusion-flex-content-wrap\" style=\"max-width:1300px;margin-left: calc(-4% \/ 2 );margin-right: calc(-4% \/ 2 );\"><div class=\"fusion-layout-column fusion_builder_column fusion-builder-column-3 fusion_builder_column_5_6 5_6 fusion-flex-column fusion-flex-align-self-flex-start\" style=\"--awb-padding-right:40px;--awb-padding-left:40px;--awb-padding-top-medium:0px;--awb-padding-right-medium:40px;--awb-padding-bottom-medium:0px;--awb-padding-left-medium:40px;--awb-padding-top-small:10px;--awb-padding-right-small:10px;--awb-padding-bottom-small:0px;--awb-padding-left-small:10px;--awb-bg-size:cover;--awb-width-large:83.333333333333%;--awb-margin-top-large:0px;--awb-spacing-right-large:2.304%;--awb-margin-bottom-large:20px;--awb-spacing-left-large:2.304%;--awb-width-medium:90%;--awb-order-medium:4;--awb-spacing-right-medium:2.1333333333333%;--awb-spacing-left-medium:2.1333333333333%;--awb-width-small:100%;--awb-order-small:4;--awb-spacing-right-small:1.92%;--awb-spacing-left-small:1.92%;\"><div class=\"fusion-column-wrapper fusion-column-has-shadow fusion-flex-justify-content-center fusion-content-layout-column\"><div class=\"fusion-text fusion-text-1\" style=\"--awb-content-alignment:justify;--awb-line-height:20px;--awb-letter-spacing:1px;--awb-text-transform:none;--awb-text-color:var(--awb-color6);--awb-text-font-family:&quot;Poppins&quot;;--awb-text-font-style:normal;--awb-text-font-weight:400;\"><p><strong>\u2022 Publication Director<\/strong><br \/>\nYoann LABARBE<\/p>\n<p><strong>\u2022 Photo Credits<\/strong><br \/>\nCamping les Ch\u00eanes \u2013 all\u00e9e du Bois de Boulogne \u2013 40100 DAX.<br \/>\nDax Office de Tourisme (Tourism Office)<br \/>\nIcons made by Freepik from www.flaticon.com<\/p>\n<p><strong>\u2022 Intellectual Property Law<\/strong><br \/>\nAny integral or partial representation or reproduction made without the authors\u2019 or their legal representatives\u2019 consent is illegal. This also applies to any translation, adaptation or transformation, arrangement or reproduction using art or any other procedure.<\/p>\n<p><strong>\u2022 Protection of website pages and any part of the website<\/strong><br \/>\nAny copy of anything in this website, even partial, is strictly forbidden.<\/p>\n<p><strong>\u2022 Weblinks<\/strong><br \/>\nThis website may provide links or references to other websites. Camping les Ch\u00eanes is not responsible for the contents of these other websites. They cannot be held liable for any damages from said websites.<br \/>\nLinks to other websites are merely provided as a convenience.<\/p>\n<p><strong>\u2022 Erratum<\/strong><br \/>\nDespite careful checking by the editorial staff, involuntary errors or omissions may appear on the website. We apologize for any inconvenience this may cause. You may send any comments or remarks to Camping les Ch\u00eanes \u2013 all\u00e9e du Bois de Boulogne \u2013 40100 DAX &#8211; FRANCE<\/p>\n<p><strong>\u2022 CNIL<\/strong><br \/>\nIn accordance with the French law concerning Data Processing and Freedom of Information, you have the right to access, correct and delete data concerning you (Section 34 of the French \u201cData Processing and Freedom of Information\u201d law); you may do so by contacting\u00a0Camping les Ch\u00eanes \u2013 all\u00e9e du Bois de Boulogne \u2013 40100 DAX &#8211; FRANCE.<\/p>\n<p><strong>\u2022 BLOCTEL<\/strong><br \/>\nThe collection of telephone data from a consumer entitles him to register on the list of opposition to cold calling (art.L.223-2 of the Consumer Code).<\/p>\n<p><strong>\u2022 Hosting of the website<\/strong><br \/>\nThe www.camping-leschenes-dax.com site is hosted by Adiane SAS.<br \/>\n7 rue Aspremont &#8211; 40100 Dax<br \/>\nTelephone: 05.58.58.66.84<\/p>\n<p><strong>\u2022 Site internet<\/strong><br \/>\nDesign and webhosting: Adiane\u00a0SAS &#8211; Dax &#8211;\u00a0<a href=\"http:\/\/www.adiane.com\/\" target=\"_blank\" rel=\"noopener\">www.adiane.com<\/a><\/p>\n<\/div><\/div><\/div><\/div><\/div><\/p>\n","protected":false},"excerpt":{"rendered":"","protected":false},"author":1,"featured_media":0,"parent":0,"menu_order":0,"comment_status":"closed","ping_status":"closed","template":"100-width.php","meta":{"footnotes":""},"class_list":["post-8282","page","type-page","status-publish","hentry"],"yoast_head":"<!-- This site is optimized with the Yoast SEO plugin v26.6 - https:\/\/yoast.com\/wordpress\/plugins\/seo\/ -->\n<title>CAMPING LES CHENES \u2013 40100 DAX: disclaimer<\/title>\n<meta name=\"description\" content=\"Website disclaimer: www. camping-leschenes-dax.com \u2013 rental of camping pitches, holiday mobile homes and furnished holiday lodges in Dax (40 \u2013 Landes - France).\" \/>\n<meta name=\"robots\" content=\"index, follow, max-snippet:-1, max-image-preview:large, max-video-preview:-1\" \/>\n<link rel=\"canonical\" href=\"https:\/\/camping-leschenes-dax.com\/en\/disclaimer\/\" \/>\n<meta property=\"og:locale\" content=\"en_US\" \/>\n<meta property=\"og:type\" content=\"article\" \/>\n<meta property=\"og:title\" content=\"CAMPING LES CHENES \u2013 40100 DAX: disclaimer\" \/>\n<meta property=\"og:description\" content=\"Website disclaimer: www. camping-leschenes-dax.com \u2013 rental of camping pitches, holiday mobile homes and furnished holiday lodges in Dax (40 \u2013 Landes - France).\" \/>\n<meta property=\"og:url\" content=\"https:\/\/camping-leschenes-dax.com\/en\/disclaimer\/\" \/>\n<meta property=\"og:site_name\" content=\"Les Ch\u00eanes\" \/>\n<meta property=\"article:modified_time\" content=\"2025-12-08T17:03:07+00:00\" \/>\n<meta property=\"og:image\" content=\"https:\/\/camping-leschenes-dax.com\/wp-content\/uploads\/2026\/01\/vue-aerienne-camping-les-chenes-dax.jpg\" \/>\n\t<meta property=\"og:image:width\" content=\"1275\" \/>\n\t<meta property=\"og:image:height\" content=\"675\" \/>\n\t<meta property=\"og:image:type\" content=\"image\/jpeg\" \/>\n<meta name=\"twitter:card\" content=\"summary_large_image\" \/>\n<meta name=\"twitter:label1\" content=\"Est. reading time\" \/>\n\t<meta name=\"twitter:data1\" content=\"2 minutes\" \/>\n<script type=\"application\/ld+json\" class=\"yoast-schema-graph\">{\"@context\":\"https:\/\/schema.org\",\"@graph\":[{\"@type\":\"WebPage\",\"@id\":\"https:\/\/camping-leschenes-dax.com\/en\/disclaimer\/\",\"url\":\"https:\/\/camping-leschenes-dax.com\/en\/disclaimer\/\",\"name\":\"CAMPING LES CHENES \u2013 40100 DAX: disclaimer\",\"isPartOf\":{\"@id\":\"https:\/\/camping-leschenes-dax.com\/#website\"},\"datePublished\":\"2022-11-08T14:39:07+00:00\",\"dateModified\":\"2025-12-08T17:03:07+00:00\",\"description\":\"Website disclaimer: www. camping-leschenes-dax.com \u2013 rental of camping pitches, holiday mobile homes and furnished holiday lodges in Dax (40 \u2013 Landes - France).\",\"breadcrumb\":{\"@id\":\"https:\/\/camping-leschenes-dax.com\/en\/disclaimer\/#breadcrumb\"},\"inLanguage\":\"en-US\",\"potentialAction\":[{\"@type\":\"ReadAction\",\"target\":[\"https:\/\/camping-leschenes-dax.com\/en\/disclaimer\/\"]}]},{\"@type\":\"BreadcrumbList\",\"@id\":\"https:\/\/camping-leschenes-dax.com\/en\/disclaimer\/#breadcrumb\",\"itemListElement\":[{\"@type\":\"ListItem\",\"position\":1,\"name\":\"Accueil\",\"item\":\"https:\/\/camping-leschenes-dax.com\/en\/\"},{\"@type\":\"ListItem\",\"position\":2,\"name\":\"Mentions l\u00e9gales\"}]},{\"@type\":\"WebSite\",\"@id\":\"https:\/\/camping-leschenes-dax.com\/#website\",\"url\":\"https:\/\/camping-leschenes-dax.com\/\",\"name\":\"Camping Les Ch\u00eanes\",\"description\":\"Camping 4 \u00e9toiles \u00e0 Dax\",\"publisher\":{\"@id\":\"https:\/\/camping-leschenes-dax.com\/#organization\"},\"alternateName\":\"Les Ch\u00eanes\",\"potentialAction\":[{\"@type\":\"SearchAction\",\"target\":{\"@type\":\"EntryPoint\",\"urlTemplate\":\"https:\/\/camping-leschenes-dax.com\/?s={search_term_string}\"},\"query-input\":{\"@type\":\"PropertyValueSpecification\",\"valueRequired\":true,\"valueName\":\"search_term_string\"}}],\"inLanguage\":\"en-US\"},{\"@type\":\"Organization\",\"@id\":\"https:\/\/camping-leschenes-dax.com\/#organization\",\"name\":\"Camping Les Ch\u00eanes\",\"alternateName\":\"Les Ch\u00eanes\",\"url\":\"https:\/\/camping-leschenes-dax.com\/\",\"logo\":{\"@type\":\"ImageObject\",\"inLanguage\":\"en-US\",\"@id\":\"https:\/\/camping-leschenes-dax.com\/#\/schema\/logo\/image\/\",\"url\":\"https:\/\/camping-leschenes-dax.com\/wp-content\/uploads\/2025\/12\/logo-camping-les-chenes-2025-04.jpg\",\"contentUrl\":\"https:\/\/camping-leschenes-dax.com\/wp-content\/uploads\/2025\/12\/logo-camping-les-chenes-2025-04.jpg\",\"width\":330,\"height\":97,\"caption\":\"Camping Les Ch\u00eanes\"},\"image\":{\"@id\":\"https:\/\/camping-leschenes-dax.com\/#\/schema\/logo\/image\/\"}}]}<\/script>\n<!-- \/ Yoast SEO plugin. -->","yoast_head_json":{"title":"CAMPING LES CHENES \u2013 40100 DAX: disclaimer","description":"Website disclaimer: www. camping-leschenes-dax.com \u2013 rental of camping pitches, holiday mobile homes and furnished holiday lodges in Dax (40 \u2013 Landes - France).","robots":{"index":"index","follow":"follow","max-snippet":"max-snippet:-1","max-image-preview":"max-image-preview:large","max-video-preview":"max-video-preview:-1"},"canonical":"https:\/\/camping-leschenes-dax.com\/en\/disclaimer\/","og_locale":"en_US","og_type":"article","og_title":"CAMPING LES CHENES \u2013 40100 DAX: disclaimer","og_description":"Website disclaimer: www. camping-leschenes-dax.com \u2013 rental of camping pitches, holiday mobile homes and furnished holiday lodges in Dax (40 \u2013 Landes - France).","og_url":"https:\/\/camping-leschenes-dax.com\/en\/disclaimer\/","og_site_name":"Les Ch\u00eanes","article_modified_time":"2025-12-08T17:03:07+00:00","og_image":[{"width":1275,"height":675,"url":"https:\/\/camping-leschenes-dax.com\/wp-content\/uploads\/2026\/01\/vue-aerienne-camping-les-chenes-dax.jpg","type":"image\/jpeg"}],"twitter_card":"summary_large_image","twitter_misc":{"Est. reading time":"2 minutes"},"schema":{"@context":"https:\/\/schema.org","@graph":[{"@type":"WebPage","@id":"https:\/\/camping-leschenes-dax.com\/en\/disclaimer\/","url":"https:\/\/camping-leschenes-dax.com\/en\/disclaimer\/","name":"CAMPING LES CHENES \u2013 40100 DAX: disclaimer","isPartOf":{"@id":"https:\/\/camping-leschenes-dax.com\/#website"},"datePublished":"2022-11-08T14:39:07+00:00","dateModified":"2025-12-08T17:03:07+00:00","description":"Website disclaimer: www. camping-leschenes-dax.com \u2013 rental of camping pitches, holiday mobile homes and furnished holiday lodges in Dax (40 \u2013 Landes - France).","breadcrumb":{"@id":"https:\/\/camping-leschenes-dax.com\/en\/disclaimer\/#breadcrumb"},"inLanguage":"en-US","potentialAction":[{"@type":"ReadAction","target":["https:\/\/camping-leschenes-dax.com\/en\/disclaimer\/"]}]},{"@type":"BreadcrumbList","@id":"https:\/\/camping-leschenes-dax.com\/en\/disclaimer\/#breadcrumb","itemListElement":[{"@type":"ListItem","position":1,"name":"Accueil","item":"https:\/\/camping-leschenes-dax.com\/en\/"},{"@type":"ListItem","position":2,"name":"Mentions l\u00e9gales"}]},{"@type":"WebSite","@id":"https:\/\/camping-leschenes-dax.com\/#website","url":"https:\/\/camping-leschenes-dax.com\/","name":"Camping Les Ch\u00eanes","description":"Camping 4 \u00e9toiles \u00e0 Dax","publisher":{"@id":"https:\/\/camping-leschenes-dax.com\/#organization"},"alternateName":"Les Ch\u00eanes","potentialAction":[{"@type":"SearchAction","target":{"@type":"EntryPoint","urlTemplate":"https:\/\/camping-leschenes-dax.com\/?s={search_term_string}"},"query-input":{"@type":"PropertyValueSpecification","valueRequired":true,"valueName":"search_term_string"}}],"inLanguage":"en-US"},{"@type":"Organization","@id":"https:\/\/camping-leschenes-dax.com\/#organization","name":"Camping Les Ch\u00eanes","alternateName":"Les Ch\u00eanes","url":"https:\/\/camping-leschenes-dax.com\/","logo":{"@type":"ImageObject","inLanguage":"en-US","@id":"https:\/\/camping-leschenes-dax.com\/#\/schema\/logo\/image\/","url":"https:\/\/camping-leschenes-dax.com\/wp-content\/uploads\/2025\/12\/logo-camping-les-chenes-2025-04.jpg","contentUrl":"https:\/\/camping-leschenes-dax.com\/wp-content\/uploads\/2025\/12\/logo-camping-les-chenes-2025-04.jpg","width":330,"height":97,"caption":"Camping Les Ch\u00eanes"},"image":{"@id":"https:\/\/camping-leschenes-dax.com\/#\/schema\/logo\/image\/"}}]}},"_links":{"self":[{"href":"https:\/\/camping-leschenes-dax.com\/en\/wp-json\/wp\/v2\/pages\/8282","targetHints":{"allow":["GET"]}}],"collection":[{"href":"https:\/\/camping-leschenes-dax.com\/en\/wp-json\/wp\/v2\/pages"}],"about":[{"href":"https:\/\/camping-leschenes-dax.com\/en\/wp-json\/wp\/v2\/types\/page"}],"author":[{"embeddable":true,"href":"https:\/\/camping-leschenes-dax.com\/en\/wp-json\/wp\/v2\/users\/1"}],"replies":[{"embeddable":true,"href":"https:\/\/camping-leschenes-dax.com\/en\/wp-json\/wp\/v2\/comments?post=8282"}],"version-history":[{"count":4,"href":"https:\/\/camping-leschenes-dax.com\/en\/wp-json\/wp\/v2\/pages\/8282\/revisions"}],"predecessor-version":[{"id":9526,"href":"https:\/\/camping-leschenes-dax.com\/en\/wp-json\/wp\/v2\/pages\/8282\/revisions\/9526"}],"wp:attachment":[{"href":"https:\/\/camping-leschenes-dax.com\/en\/wp-json\/wp\/v2\/media?parent=8282"}],"curies":[{"name":"wp","href":"https:\/\/api.w.org\/{rel}","templated":true}]}}