{"id":8289,"date":"2022-11-15T15:49:40","date_gmt":"2022-11-15T14:49:40","guid":{"rendered":"http:\/\/chenes.adiane.eu\/loisirs-vacances-landes\/"},"modified":"2022-12-21T10:30:50","modified_gmt":"2022-12-21T09:30:50","slug":"campsite-rental-holiday","status":"publish","type":"page","link":"https:\/\/camping-leschenes-dax.com\/en\/campsite-rental-holiday\/","title":{"rendered":"Loisirs"},"content":{"rendered":"<div class=\"fusion-fullwidth fullwidth-box fusion-builder-row-1 fusion-flex-container has-pattern-background has-mask-background fusion-parallax-none nonhundred-percent-fullwidth non-hundred-percent-height-scrolling lazyload\" style=\"--awb-background-position:center top;--awb-border-radius-top-left:0px;--awb-border-radius-top-right:0px;--awb-border-radius-bottom-right:0px;--awb-border-radius-bottom-left:0px;--awb-padding-top:70px;--awb-padding-bottom:50px;--awb-padding-top-medium:40px;--awb-padding-bottom-medium:40px;--awb-padding-top-small:20px;--awb-padding-bottom-small:20px;--awb-margin-bottom:;--awb-background-size:cover;--awb-flex-wrap:wrap;\" data-bg=\"https:\/\/camping-leschenes-dax.com\/wp-content\/uploads\/2022\/11\/page.svg\" ><div class=\"fusion-builder-row fusion-row fusion-flex-align-items-flex-start fusion-flex-justify-content-center fusion-flex-content-wrap\" style=\"max-width:1300px;margin-left: calc(-4% \/ 2 );margin-right: calc(-4% \/ 2 );\"><div class=\"fusion-layout-column fusion_builder_column fusion-builder-column-0 fusion-flex-column\" style=\"--awb-padding-top:50px;--awb-padding-right:50px;--awb-padding-left:50px;--awb-padding-top-medium:30px;--awb-padding-right-medium:30px;--awb-padding-bottom-medium:0px;--awb-padding-left-medium:30px;--awb-padding-top-small:30px;--awb-padding-right-small:30px;--awb-padding-bottom-small:0px;--awb-padding-left-small:30px;--awb-bg-color:var(--awb-custom_color_2);--awb-bg-color-hover:var(--awb-custom_color_2);--awb-bg-size:cover;--awb-width-large:90%;--awb-margin-top-large:-150px;--awb-spacing-right-large:2.1333333333333%;--awb-margin-bottom-large:20px;--awb-spacing-left-large:2.1333333333333%;--awb-width-medium:90%;--awb-order-medium:1;--awb-margin-top-medium:-150px;--awb-spacing-right-medium:2.1333333333333%;--awb-spacing-left-medium:2.1333333333333%;--awb-width-small:100%;--awb-order-small:1;--awb-margin-top-small:-100px;--awb-spacing-right-small:1.92%;--awb-spacing-left-small:1.92%;\"><div class=\"fusion-column-wrapper fusion-column-has-shadow fusion-flex-justify-content-flex-start fusion-content-layout-column\"><div class=\"fusion-title title fusion-title-1 fusion-title-center fusion-title-text fusion-title-size-one\" style=\"--awb-margin-bottom:0px;--awb-font-size:20px;\"><div class=\"title-sep-container title-sep-container-left\"><div class=\"title-sep sep- sep-solid\" style=\"border-color:var(--awb-color3);\"><\/div><\/div><span class=\"awb-title-spacer\"><\/span><h1 class=\"fusion-title-heading title-heading-center fusion-responsive-typography-calculated\" style=\"font-family:&quot;Poppins&quot;;font-style:normal;font-weight:500;margin:0;text-transform:uppercase;font-size:1em;--fontSize:20;--minFontSize:20;line-height:1;\">4-star Camping les Ch\u00eanes<\/h1><span class=\"awb-title-spacer\"><\/span><div class=\"title-sep-container title-sep-container-right\"><div class=\"title-sep sep- sep-solid\" style=\"border-color:var(--awb-color3);\"><\/div><\/div><\/div><div class=\"fusion-title title fusion-title-2 fusion-title-center fusion-title-text fusion-title-size-two\" style=\"--awb-text-color:var(--awb-color7);--awb-margin-top:5px;--awb-margin-bottom:0px;\"><div class=\"title-sep-container title-sep-container-left\"><div class=\"title-sep sep- sep-solid\" style=\"border-color:var(--awb-color3);\"><\/div><\/div><span class=\"awb-title-spacer\"><\/span><h2 class=\"fusion-title-heading title-heading-center fusion-responsive-typography-calculated\" style=\"font-family:&quot;Howling wolf&quot;;margin:0;text-transform:none;--fontSize:38;line-height:1.1;\">Leisure Activities<\/h2><span class=\"awb-title-spacer\"><\/span><div class=\"title-sep-container title-sep-container-right\"><div class=\"title-sep sep- sep-solid\" style=\"border-color:var(--awb-color3);\"><\/div><\/div><\/div><div class=\"fusion-image-element \" style=\"text-align:center;--awb-margin-top:5px;--awb-margin-bottom:5px;--awb-caption-title-font-family:var(--h2_typography-font-family);--awb-caption-title-font-weight:var(--h2_typography-font-weight);--awb-caption-title-font-style:var(--h2_typography-font-style);--awb-caption-title-size:var(--h2_typography-font-size);--awb-caption-title-transform:var(--h2_typography-text-transform);--awb-caption-title-line-height:var(--h2_typography-line-height);--awb-caption-title-letter-spacing:var(--h2_typography-letter-spacing);\"><span class=\" fusion-imageframe imageframe-none imageframe-1 hover-type-none\"><img decoding=\"async\" width=\"59\" height=\"24\" title=\"wave\" src=\"data:image\/svg+xml,%3Csvg%20xmlns%3D%27http%3A%2F%2Fwww.w3.org%2F2000%2Fsvg%27%20width%3D%2759%27%20height%3D%2724%27%20viewBox%3D%270%200%2059%2024%27%3E%3Crect%20width%3D%2759%27%20height%3D%2724%27%20fill-opacity%3D%220%22%2F%3E%3C%2Fsvg%3E\" data-orig-src=\"https:\/\/camping-leschenes-dax.com\/wp-content\/uploads\/2022\/10\/wave.png\" alt class=\"lazyload img-responsive wp-image-7758\"\/><\/span><\/div><div class=\"fusion-text fusion-text-1\" style=\"--awb-content-alignment:center;--awb-font-size:15px;--awb-line-height:20px;--awb-letter-spacing:1px;--awb-text-transform:uppercase;--awb-text-color:var(--awb-color6);--awb-text-font-family:&quot;Poppins&quot;;\"><p>For your enjoyment,<br \/>\n<strong>there are on-site leisure activities<\/strong> at Camping les Ch\u00eanes as well as nearby.<\/p>\n<\/div><\/div><\/div><div class=\"fusion-layout-column fusion_builder_column fusion-builder-column-1 fusion_builder_column_2_5 2_5 fusion-flex-column fusion-animated\" style=\"--awb-padding-top-medium:10px;--awb-padding-right-medium:10px;--awb-padding-bottom-medium:10px;--awb-padding-left-medium:10px;--awb-padding-top-small:10px;--awb-padding-right-small:10px;--awb-padding-bottom-small:10px;--awb-padding-left-small:10px;--awb-bg-size:cover;--awb-width-large:40%;--awb-margin-top-large:0px;--awb-spacing-right-large:2.4%;--awb-margin-bottom-large:20px;--awb-spacing-left-large:2.4%;--awb-width-medium:50%;--awb-order-medium:2;--awb-spacing-right-medium:1.92%;--awb-spacing-left-medium:1.92%;--awb-width-small:100%;--awb-order-small:2;--awb-spacing-right-small:0.96%;--awb-spacing-left-small:0.96%;\" data-animationType=\"fadeInLeft\" data-animationDuration=\"0.8\" data-animationOffset=\"top-into-view\"><div class=\"fusion-column-wrapper fusion-column-has-shadow fusion-flex-justify-content-flex-start fusion-content-layout-column\"><div class=\"fusion-image-element \" style=\"text-align:center;--awb-aspect-ratio:16 \/ 9;--awb-caption-title-color:#ffffff;--awb-caption-text-color:#ffffff;--awb-caption-border-color:#ffffff;--awb-caption-overlay-color:#1d3033;--awb-caption-title-font-family:&quot;Poppins&quot;;--awb-caption-title-font-weight:600;--awb-caption-title-font-style:normal;--awb-caption-title-size:30px;--awb-caption-title-transform:uppercase;--awb-caption-title-line-height:1;--awb-caption-title-letter-spacing:-0.024em;\"><span class=\" fusion-imageframe imageframe-none imageframe-2 awb-imageframe-style awb-imageframe-style-resa has-aspect-ratio\"><a class=\"fusion-no-lightbox\" href=\"https:\/\/camping-leschenes-dax.com\/en\/leisure-entertainment-restaurant\/\" target=\"_self\" aria-label=\"animation_camping_dax\"><img decoding=\"async\" width=\"577\" height=\"299\" src=\"https:\/\/camping-leschenes-dax.com\/wp-content\/uploads\/2022\/11\/animation_camping_dax.jpg\" data-orig-src=\"https:\/\/camping-leschenes-dax.com\/wp-content\/uploads\/2022\/11\/animation_camping_dax.jpg\" class=\"lazyload img-responsive wp-image-7783 img-with-aspect-ratio\" data-parent-fit=\"cover\" data-parent-container=\".fusion-image-element\" alt srcset=\"data:image\/svg+xml,%3Csvg%20xmlns%3D%27http%3A%2F%2Fwww.w3.org%2F2000%2Fsvg%27%20width%3D%27577%27%20height%3D%27299%27%20viewBox%3D%270%200%20577%20299%27%3E%3Crect%20width%3D%27577%27%20height%3D%27299%27%20fill-opacity%3D%220%22%2F%3E%3C%2Fsvg%3E\" data-srcset=\"https:\/\/camping-leschenes-dax.com\/wp-content\/uploads\/2022\/11\/animation_camping_dax-200x104.jpg 200w, https:\/\/camping-leschenes-dax.com\/wp-content\/uploads\/2022\/11\/animation_camping_dax-400x207.jpg 400w, https:\/\/camping-leschenes-dax.com\/wp-content\/uploads\/2022\/11\/animation_camping_dax.jpg 577w\" data-sizes=\"auto\" data-orig-sizes=\"(max-width: 1024px) 100vw, (max-width: 640px) 100vw, 577px\" \/><div class=\"awb-imageframe-caption-container\"><div class=\"awb-imageframe-caption\"><h3 class=\"awb-imageframe-caption-title\">entertainment<\/h3><p class=\"awb-imageframe-caption-text\">at Les Ch\u00eanes campsite!<\/p><\/div><\/div><\/a><\/span><\/div><\/div><\/div><div class=\"fusion-layout-column fusion_builder_column fusion-builder-column-2 fusion_builder_column_2_5 2_5 fusion-flex-column fusion-animated\" style=\"--awb-padding-top-medium:10px;--awb-padding-right-medium:10px;--awb-padding-bottom-medium:10px;--awb-padding-left-medium:10px;--awb-padding-top-small:10px;--awb-padding-right-small:10px;--awb-padding-bottom-small:10px;--awb-padding-left-small:10px;--awb-bg-size:cover;--awb-width-large:40%;--awb-margin-top-large:0px;--awb-spacing-right-large:2.4%;--awb-margin-bottom-large:20px;--awb-spacing-left-large:2.4%;--awb-width-medium:50%;--awb-order-medium:3;--awb-spacing-right-medium:1.92%;--awb-spacing-left-medium:1.92%;--awb-width-small:100%;--awb-order-small:3;--awb-spacing-right-small:0.96%;--awb-spacing-left-small:0.96%;\" data-animationType=\"fadeInRight\" data-animationDuration=\"0.8\" data-animationOffset=\"top-into-view\"><div class=\"fusion-column-wrapper fusion-column-has-shadow fusion-flex-justify-content-flex-start fusion-content-layout-column\"><div class=\"fusion-image-element \" style=\"text-align:center;--awb-aspect-ratio:16 \/ 9;--awb-caption-title-color:#ffffff;--awb-caption-text-color:#ffffff;--awb-caption-border-color:#ffffff;--awb-caption-overlay-color:#1d3033;--awb-caption-title-font-family:&quot;Poppins&quot;;--awb-caption-title-font-weight:600;--awb-caption-title-font-style:normal;--awb-caption-title-size:30px;--awb-caption-title-transform:uppercase;--awb-caption-title-line-height:1;--awb-caption-title-letter-spacing:-0.024em;\"><span class=\" fusion-imageframe imageframe-none imageframe-3 awb-imageframe-style awb-imageframe-style-resa has-aspect-ratio\"><a class=\"fusion-no-lightbox\" href=\"https:\/\/camping-leschenes-dax.com\/en\/sightseeing-landes-basque-country\/\" target=\"_self\" aria-label=\"landes_camping_dax\"><img decoding=\"async\" width=\"577\" height=\"299\" src=\"https:\/\/camping-leschenes-dax.com\/wp-content\/uploads\/2022\/11\/landes_camping_dax.jpg\" data-orig-src=\"https:\/\/camping-leschenes-dax.com\/wp-content\/uploads\/2022\/11\/landes_camping_dax.jpg\" class=\"lazyload img-responsive wp-image-7784 img-with-aspect-ratio\" data-parent-fit=\"cover\" data-parent-container=\".fusion-image-element\" alt srcset=\"data:image\/svg+xml,%3Csvg%20xmlns%3D%27http%3A%2F%2Fwww.w3.org%2F2000%2Fsvg%27%20width%3D%27577%27%20height%3D%27299%27%20viewBox%3D%270%200%20577%20299%27%3E%3Crect%20width%3D%27577%27%20height%3D%27299%27%20fill-opacity%3D%220%22%2F%3E%3C%2Fsvg%3E\" data-srcset=\"https:\/\/camping-leschenes-dax.com\/wp-content\/uploads\/2022\/11\/landes_camping_dax-200x104.jpg 200w, https:\/\/camping-leschenes-dax.com\/wp-content\/uploads\/2022\/11\/landes_camping_dax-400x207.jpg 400w, https:\/\/camping-leschenes-dax.com\/wp-content\/uploads\/2022\/11\/landes_camping_dax.jpg 577w\" data-sizes=\"auto\" data-orig-sizes=\"(max-width: 1024px) 100vw, (max-width: 640px) 100vw, 577px\" \/><div class=\"awb-imageframe-caption-container\"><div class=\"awb-imageframe-caption\"><h3 class=\"awb-imageframe-caption-title\">The Landes <\/h3><p class=\"awb-imageframe-caption-text\">at hand !<\/p><\/div><\/div><\/a><\/span><\/div><\/div><\/div><div class=\"fusion-layout-column fusion_builder_column fusion-builder-column-3 fusion_builder_column_2_5 2_5 fusion-flex-column fusion-animated\" style=\"--awb-padding-top-medium:10px;--awb-padding-right-medium:10px;--awb-padding-bottom-medium:10px;--awb-padding-left-medium:10px;--awb-padding-top-small:10px;--awb-padding-right-small:10px;--awb-padding-bottom-small:10px;--awb-padding-left-small:10px;--awb-bg-size:cover;--awb-width-large:40%;--awb-margin-top-large:0px;--awb-spacing-right-large:2.4%;--awb-margin-bottom-large:20px;--awb-spacing-left-large:2.4%;--awb-width-medium:50%;--awb-order-medium:4;--awb-spacing-right-medium:1.92%;--awb-spacing-left-medium:1.92%;--awb-width-small:100%;--awb-order-small:4;--awb-spacing-right-small:0.96%;--awb-spacing-left-small:0.96%;\" data-animationType=\"fadeInRight\" data-animationDuration=\"0.8\" data-animationOffset=\"top-into-view\"><div class=\"fusion-column-wrapper fusion-column-has-shadow fusion-flex-justify-content-flex-start fusion-content-layout-column\"><div class=\"fusion-image-element \" style=\"text-align:center;--awb-aspect-ratio:16 \/ 9;--awb-caption-title-color:#ffffff;--awb-caption-text-color:#ffffff;--awb-caption-border-color:#ffffff;--awb-caption-overlay-color:#1d3033;--awb-caption-title-font-family:&quot;Poppins&quot;;--awb-caption-title-font-weight:600;--awb-caption-title-font-style:normal;--awb-caption-title-size:30px;--awb-caption-title-transform:uppercase;--awb-caption-title-line-height:1;--awb-caption-title-letter-spacing:-0.024em;\"><span class=\" fusion-imageframe imageframe-none imageframe-4 awb-imageframe-style awb-imageframe-style-resa has-aspect-ratio\"><a class=\"fusion-no-lightbox\" href=\"https:\/\/camping-leschenes-dax.com\/en\/accommodation-hydrotherapy-spa-treatment\/\" target=\"_self\" aria-label=\"axe_thermalisme\"><img decoding=\"async\" width=\"577\" height=\"299\" src=\"https:\/\/camping-leschenes-dax.com\/wp-content\/uploads\/2022\/11\/axe_thermalisme.png\" data-orig-src=\"https:\/\/camping-leschenes-dax.com\/wp-content\/uploads\/2022\/11\/axe_thermalisme.png\" class=\"lazyload img-responsive wp-image-7812 img-with-aspect-ratio\" data-parent-fit=\"cover\" data-parent-container=\".fusion-image-element\" alt srcset=\"data:image\/svg+xml,%3Csvg%20xmlns%3D%27http%3A%2F%2Fwww.w3.org%2F2000%2Fsvg%27%20width%3D%27577%27%20height%3D%27299%27%20viewBox%3D%270%200%20577%20299%27%3E%3Crect%20width%3D%27577%27%20height%3D%27299%27%20fill-opacity%3D%220%22%2F%3E%3C%2Fsvg%3E\" data-srcset=\"https:\/\/camping-leschenes-dax.com\/wp-content\/uploads\/2022\/11\/axe_thermalisme-200x104.png 200w, https:\/\/camping-leschenes-dax.com\/wp-content\/uploads\/2022\/11\/axe_thermalisme-400x207.png 400w, https:\/\/camping-leschenes-dax.com\/wp-content\/uploads\/2022\/11\/axe_thermalisme.png 577w\" data-sizes=\"auto\" data-orig-sizes=\"(max-width: 1024px) 100vw, (max-width: 640px) 100vw, 577px\" \/><div class=\"awb-imageframe-caption-container\"><div class=\"awb-imageframe-caption\"><h3 class=\"awb-imageframe-caption-title\">Hydrotherapy<\/h3><p class=\"awb-imageframe-caption-text\">and transport<\/p><\/div><\/div><\/a><\/span><\/div><\/div><\/div><\/div><\/div>\n","protected":false},"excerpt":{"rendered":"","protected":false},"author":1,"featured_media":0,"parent":0,"menu_order":0,"comment_status":"closed","ping_status":"closed","template":"100-width.php","meta":{"footnotes":""},"class_list":["post-8289","page","type-page","status-publish","hentry"],"yoast_head":"<!-- This site is optimized with the Yoast SEO plugin v26.6 - https:\/\/yoast.com\/wordpress\/plugins\/seo\/ -->\n<title>Camping les Ch\u00eanes \u2013 Dax: activities<\/title>\n<meta name=\"description\" content=\"At the campsite or in the immediate vicinity, several activities and amenities will make your stay in Dax,\" \/>\n<meta name=\"robots\" content=\"index, follow, max-snippet:-1, max-image-preview:large, max-video-preview:-1\" \/>\n<link rel=\"canonical\" href=\"https:\/\/camping-leschenes-dax.com\/en\/campsite-rental-holiday\/\" \/>\n<meta property=\"og:locale\" content=\"en_US\" \/>\n<meta property=\"og:type\" content=\"article\" \/>\n<meta property=\"og:title\" content=\"Camping les Ch\u00eanes \u2013 Dax: activities\" \/>\n<meta property=\"og:description\" content=\"At the campsite or in the immediate vicinity, several activities and amenities will make your stay in Dax,\" \/>\n<meta property=\"og:url\" content=\"https:\/\/camping-leschenes-dax.com\/en\/campsite-rental-holiday\/\" \/>\n<meta property=\"og:site_name\" content=\"Les Ch\u00eanes\" \/>\n<meta property=\"article:modified_time\" content=\"2022-12-21T09:30:50+00:00\" \/>\n<meta property=\"og:image\" content=\"https:\/\/camping-leschenes-dax.com\/wp-content\/uploads\/2026\/01\/vue-aerienne-camping-les-chenes-dax.jpg\" \/>\n\t<meta property=\"og:image:width\" content=\"1275\" \/>\n\t<meta property=\"og:image:height\" content=\"675\" \/>\n\t<meta property=\"og:image:type\" content=\"image\/jpeg\" \/>\n<meta name=\"twitter:card\" content=\"summary_large_image\" \/>\n<meta name=\"twitter:label1\" content=\"Est. reading time\" \/>\n\t<meta name=\"twitter:data1\" content=\"7 minutes\" \/>\n<script type=\"application\/ld+json\" class=\"yoast-schema-graph\">{\"@context\":\"https:\/\/schema.org\",\"@graph\":[{\"@type\":\"WebPage\",\"@id\":\"https:\/\/camping-leschenes-dax.com\/en\/campsite-rental-holiday\/\",\"url\":\"https:\/\/camping-leschenes-dax.com\/en\/campsite-rental-holiday\/\",\"name\":\"Camping les Ch\u00eanes \u2013 Dax: activities\",\"isPartOf\":{\"@id\":\"https:\/\/camping-leschenes-dax.com\/#website\"},\"datePublished\":\"2022-11-15T14:49:40+00:00\",\"dateModified\":\"2022-12-21T09:30:50+00:00\",\"description\":\"At the campsite or in the immediate vicinity, several activities and amenities will make your stay in Dax,\",\"breadcrumb\":{\"@id\":\"https:\/\/camping-leschenes-dax.com\/en\/campsite-rental-holiday\/#breadcrumb\"},\"inLanguage\":\"en-US\",\"potentialAction\":[{\"@type\":\"ReadAction\",\"target\":[\"https:\/\/camping-leschenes-dax.com\/en\/campsite-rental-holiday\/\"]}]},{\"@type\":\"BreadcrumbList\",\"@id\":\"https:\/\/camping-leschenes-dax.com\/en\/campsite-rental-holiday\/#breadcrumb\",\"itemListElement\":[{\"@type\":\"ListItem\",\"position\":1,\"name\":\"Accueil\",\"item\":\"https:\/\/camping-leschenes-dax.com\/en\/\"},{\"@type\":\"ListItem\",\"position\":2,\"name\":\"Loisirs\"}]},{\"@type\":\"WebSite\",\"@id\":\"https:\/\/camping-leschenes-dax.com\/#website\",\"url\":\"https:\/\/camping-leschenes-dax.com\/\",\"name\":\"Camping Les Ch\u00eanes\",\"description\":\"Camping 4 \u00e9toiles \u00e0 Dax\",\"publisher\":{\"@id\":\"https:\/\/camping-leschenes-dax.com\/#organization\"},\"alternateName\":\"Les Ch\u00eanes\",\"potentialAction\":[{\"@type\":\"SearchAction\",\"target\":{\"@type\":\"EntryPoint\",\"urlTemplate\":\"https:\/\/camping-leschenes-dax.com\/?s={search_term_string}\"},\"query-input\":{\"@type\":\"PropertyValueSpecification\",\"valueRequired\":true,\"valueName\":\"search_term_string\"}}],\"inLanguage\":\"en-US\"},{\"@type\":\"Organization\",\"@id\":\"https:\/\/camping-leschenes-dax.com\/#organization\",\"name\":\"Camping Les Ch\u00eanes\",\"alternateName\":\"Les Ch\u00eanes\",\"url\":\"https:\/\/camping-leschenes-dax.com\/\",\"logo\":{\"@type\":\"ImageObject\",\"inLanguage\":\"en-US\",\"@id\":\"https:\/\/camping-leschenes-dax.com\/#\/schema\/logo\/image\/\",\"url\":\"https:\/\/camping-leschenes-dax.com\/wp-content\/uploads\/2025\/12\/logo-camping-les-chenes-2025-04.jpg\",\"contentUrl\":\"https:\/\/camping-leschenes-dax.com\/wp-content\/uploads\/2025\/12\/logo-camping-les-chenes-2025-04.jpg\",\"width\":330,\"height\":97,\"caption\":\"Camping Les Ch\u00eanes\"},\"image\":{\"@id\":\"https:\/\/camping-leschenes-dax.com\/#\/schema\/logo\/image\/\"}}]}<\/script>\n<!-- \/ Yoast SEO plugin. -->","yoast_head_json":{"title":"Camping les Ch\u00eanes \u2013 Dax: activities","description":"At the campsite or in the immediate vicinity, several activities and amenities will make your stay in Dax,","robots":{"index":"index","follow":"follow","max-snippet":"max-snippet:-1","max-image-preview":"max-image-preview:large","max-video-preview":"max-video-preview:-1"},"canonical":"https:\/\/camping-leschenes-dax.com\/en\/campsite-rental-holiday\/","og_locale":"en_US","og_type":"article","og_title":"Camping les Ch\u00eanes \u2013 Dax: activities","og_description":"At the campsite or in the immediate vicinity, several activities and amenities will make your stay in Dax,","og_url":"https:\/\/camping-leschenes-dax.com\/en\/campsite-rental-holiday\/","og_site_name":"Les Ch\u00eanes","article_modified_time":"2022-12-21T09:30:50+00:00","og_image":[{"width":1275,"height":675,"url":"https:\/\/camping-leschenes-dax.com\/wp-content\/uploads\/2026\/01\/vue-aerienne-camping-les-chenes-dax.jpg","type":"image\/jpeg"}],"twitter_card":"summary_large_image","twitter_misc":{"Est. reading time":"7 minutes"},"schema":{"@context":"https:\/\/schema.org","@graph":[{"@type":"WebPage","@id":"https:\/\/camping-leschenes-dax.com\/en\/campsite-rental-holiday\/","url":"https:\/\/camping-leschenes-dax.com\/en\/campsite-rental-holiday\/","name":"Camping les Ch\u00eanes \u2013 Dax: activities","isPartOf":{"@id":"https:\/\/camping-leschenes-dax.com\/#website"},"datePublished":"2022-11-15T14:49:40+00:00","dateModified":"2022-12-21T09:30:50+00:00","description":"At the campsite or in the immediate vicinity, several activities and amenities will make your stay in Dax,","breadcrumb":{"@id":"https:\/\/camping-leschenes-dax.com\/en\/campsite-rental-holiday\/#breadcrumb"},"inLanguage":"en-US","potentialAction":[{"@type":"ReadAction","target":["https:\/\/camping-leschenes-dax.com\/en\/campsite-rental-holiday\/"]}]},{"@type":"BreadcrumbList","@id":"https:\/\/camping-leschenes-dax.com\/en\/campsite-rental-holiday\/#breadcrumb","itemListElement":[{"@type":"ListItem","position":1,"name":"Accueil","item":"https:\/\/camping-leschenes-dax.com\/en\/"},{"@type":"ListItem","position":2,"name":"Loisirs"}]},{"@type":"WebSite","@id":"https:\/\/camping-leschenes-dax.com\/#website","url":"https:\/\/camping-leschenes-dax.com\/","name":"Camping Les Ch\u00eanes","description":"Camping 4 \u00e9toiles \u00e0 Dax","publisher":{"@id":"https:\/\/camping-leschenes-dax.com\/#organization"},"alternateName":"Les Ch\u00eanes","potentialAction":[{"@type":"SearchAction","target":{"@type":"EntryPoint","urlTemplate":"https:\/\/camping-leschenes-dax.com\/?s={search_term_string}"},"query-input":{"@type":"PropertyValueSpecification","valueRequired":true,"valueName":"search_term_string"}}],"inLanguage":"en-US"},{"@type":"Organization","@id":"https:\/\/camping-leschenes-dax.com\/#organization","name":"Camping Les Ch\u00eanes","alternateName":"Les Ch\u00eanes","url":"https:\/\/camping-leschenes-dax.com\/","logo":{"@type":"ImageObject","inLanguage":"en-US","@id":"https:\/\/camping-leschenes-dax.com\/#\/schema\/logo\/image\/","url":"https:\/\/camping-leschenes-dax.com\/wp-content\/uploads\/2025\/12\/logo-camping-les-chenes-2025-04.jpg","contentUrl":"https:\/\/camping-leschenes-dax.com\/wp-content\/uploads\/2025\/12\/logo-camping-les-chenes-2025-04.jpg","width":330,"height":97,"caption":"Camping Les Ch\u00eanes"},"image":{"@id":"https:\/\/camping-leschenes-dax.com\/#\/schema\/logo\/image\/"}}]}},"_links":{"self":[{"href":"https:\/\/camping-leschenes-dax.com\/en\/wp-json\/wp\/v2\/pages\/8289","targetHints":{"allow":["GET"]}}],"collection":[{"href":"https:\/\/camping-leschenes-dax.com\/en\/wp-json\/wp\/v2\/pages"}],"about":[{"href":"https:\/\/camping-leschenes-dax.com\/en\/wp-json\/wp\/v2\/types\/page"}],"author":[{"embeddable":true,"href":"https:\/\/camping-leschenes-dax.com\/en\/wp-json\/wp\/v2\/users\/1"}],"replies":[{"embeddable":true,"href":"https:\/\/camping-leschenes-dax.com\/en\/wp-json\/wp\/v2\/comments?post=8289"}],"version-history":[{"count":5,"href":"https:\/\/camping-leschenes-dax.com\/en\/wp-json\/wp\/v2\/pages\/8289\/revisions"}],"predecessor-version":[{"id":9012,"href":"https:\/\/camping-leschenes-dax.com\/en\/wp-json\/wp\/v2\/pages\/8289\/revisions\/9012"}],"wp:attachment":[{"href":"https:\/\/camping-leschenes-dax.com\/en\/wp-json\/wp\/v2\/media?parent=8289"}],"curies":[{"name":"wp","href":"https:\/\/api.w.org\/{rel}","templated":true}]}}