{"id":8297,"date":"2022-11-10T07:57:06","date_gmt":"2022-11-10T06:57:06","guid":{"rendered":"http:\/\/chenes.adiane.eu\/partenaires-tourisme-landes\/"},"modified":"2022-12-21T15:05:03","modified_gmt":"2022-12-21T14:05:03","slug":"sightseeing-dax-landes-40-france","status":"publish","type":"page","link":"https:\/\/camping-leschenes-dax.com\/en\/sightseeing-dax-landes-40-france\/","title":{"rendered":"Partenaires &#8211; liens"},"content":{"rendered":"<div class=\"fusion-fullwidth fullwidth-box fusion-builder-row-1 fusion-flex-container has-pattern-background has-mask-background fusion-parallax-none nonhundred-percent-fullwidth non-hundred-percent-height-scrolling lazyload\" style=\"--awb-background-position:center top;--awb-border-radius-top-left:0px;--awb-border-radius-top-right:0px;--awb-border-radius-bottom-right:0px;--awb-border-radius-bottom-left:0px;--awb-padding-top:70px;--awb-padding-bottom:40px;--awb-padding-top-medium:40px;--awb-padding-bottom-medium:40px;--awb-padding-top-small:20px;--awb-padding-bottom-small:20px;--awb-margin-bottom:;--awb-background-size:cover;--awb-flex-wrap:wrap;\" data-bg=\"https:\/\/camping-leschenes-dax.com\/wp-content\/uploads\/2022\/11\/page.svg\" ><div class=\"fusion-builder-row fusion-row fusion-flex-align-items-flex-start fusion-flex-justify-content-center fusion-flex-content-wrap\" style=\"max-width:1300px;margin-left: calc(-4% \/ 2 );margin-right: calc(-4% \/ 2 );\"><div class=\"fusion-layout-column fusion_builder_column fusion-builder-column-0 fusion-flex-column\" style=\"--awb-padding-top:50px;--awb-padding-right:50px;--awb-padding-left:50px;--awb-padding-top-medium:30px;--awb-padding-right-medium:30px;--awb-padding-bottom-medium:0px;--awb-padding-left-medium:30px;--awb-padding-top-small:30px;--awb-padding-right-small:30px;--awb-padding-bottom-small:0px;--awb-padding-left-small:30px;--awb-bg-color:var(--awb-color1);--awb-bg-color-hover:var(--awb-color1);--awb-bg-size:cover;--awb-width-large:90%;--awb-margin-top-large:-150px;--awb-spacing-right-large:2.1333333333333%;--awb-margin-bottom-large:20px;--awb-spacing-left-large:2.1333333333333%;--awb-width-medium:90%;--awb-order-medium:1;--awb-margin-top-medium:-150px;--awb-spacing-right-medium:2.1333333333333%;--awb-spacing-left-medium:2.1333333333333%;--awb-width-small:100%;--awb-order-small:1;--awb-margin-top-small:-100px;--awb-spacing-right-small:1.92%;--awb-spacing-left-small:1.92%;\"><div class=\"fusion-column-wrapper fusion-column-has-shadow fusion-flex-justify-content-flex-start fusion-content-layout-column\"><div class=\"fusion-title title fusion-title-1 fusion-title-center fusion-title-text fusion-title-size-one\" style=\"--awb-margin-bottom:0px;--awb-font-size:20px;\"><div class=\"title-sep-container title-sep-container-left\"><div class=\"title-sep sep- sep-solid\" style=\"border-color:var(--awb-color3);\"><\/div><\/div><span class=\"awb-title-spacer\"><\/span><h1 class=\"fusion-title-heading title-heading-center fusion-responsive-typography-calculated\" style=\"font-family:&quot;Poppins&quot;;font-style:normal;font-weight:500;margin:0;text-transform:uppercase;font-size:1em;--fontSize:20;--minFontSize:20;line-height:1;\">4-star Camping les Ch\u00eanes<\/h1><span class=\"awb-title-spacer\"><\/span><div class=\"title-sep-container title-sep-container-right\"><div class=\"title-sep sep- sep-solid\" style=\"border-color:var(--awb-color3);\"><\/div><\/div><\/div><div class=\"fusion-title title fusion-title-2 fusion-title-center fusion-title-text fusion-title-size-two\" style=\"--awb-text-color:var(--awb-color7);--awb-margin-top:5px;--awb-margin-bottom:0px;\"><div class=\"title-sep-container title-sep-container-left\"><div class=\"title-sep sep- sep-solid\" style=\"border-color:var(--awb-color3);\"><\/div><\/div><span class=\"awb-title-spacer\"><\/span><h2 class=\"fusion-title-heading title-heading-center fusion-responsive-typography-calculated\" style=\"font-family:&quot;Howling wolf&quot;;margin:0;text-transform:none;--fontSize:38;line-height:1.1;\">Partners &#8211; Weblinks<\/h2><span class=\"awb-title-spacer\"><\/span><div class=\"title-sep-container title-sep-container-right\"><div class=\"title-sep sep- sep-solid\" style=\"border-color:var(--awb-color3);\"><\/div><\/div><\/div><div class=\"fusion-image-element \" style=\"text-align:center;--awb-margin-top:5px;--awb-margin-bottom:5px;--awb-caption-title-font-family:var(--h2_typography-font-family);--awb-caption-title-font-weight:var(--h2_typography-font-weight);--awb-caption-title-font-style:var(--h2_typography-font-style);--awb-caption-title-size:var(--h2_typography-font-size);--awb-caption-title-transform:var(--h2_typography-text-transform);--awb-caption-title-line-height:var(--h2_typography-line-height);--awb-caption-title-letter-spacing:var(--h2_typography-letter-spacing);\"><span class=\" fusion-imageframe imageframe-none imageframe-1 hover-type-none\"><img decoding=\"async\" width=\"59\" height=\"24\" title=\"wave\" src=\"data:image\/svg+xml,%3Csvg%20xmlns%3D%27http%3A%2F%2Fwww.w3.org%2F2000%2Fsvg%27%20width%3D%2759%27%20height%3D%2724%27%20viewBox%3D%270%200%2059%2024%27%3E%3Crect%20width%3D%2759%27%20height%3D%2724%27%20fill-opacity%3D%220%22%2F%3E%3C%2Fsvg%3E\" data-orig-src=\"https:\/\/camping-leschenes-dax.com\/wp-content\/uploads\/2022\/10\/wave.png\" alt class=\"lazyload img-responsive wp-image-7758\"\/><\/span><\/div><div class=\"fusion-text fusion-text-1\" style=\"--awb-content-alignment:center;--awb-font-size:15px;--awb-line-height:20px;--awb-letter-spacing:1px;--awb-text-transform:uppercase;--awb-text-color:var(--awb-color6);--awb-text-font-family:&quot;Poppins&quot;;--awb-text-font-style:normal;--awb-text-font-weight:400;\"><p>Here are a few weblinks to learn more about the Landes region of France\u2026<\/p>\n<\/div><\/div><\/div><div class=\"fusion-layout-column fusion_builder_column fusion-builder-column-1 fusion_builder_column_2_5 2_5 fusion-flex-column\" style=\"--awb-bg-size:cover;--awb-width-large:40%;--awb-margin-top-large:0px;--awb-spacing-right-large:4.8%;--awb-margin-bottom-large:20px;--awb-spacing-left-large:4.8%;--awb-width-medium:40%;--awb-order-medium:2;--awb-spacing-right-medium:4.8%;--awb-spacing-left-medium:4.8%;--awb-width-small:100%;--awb-order-small:2;--awb-spacing-right-small:1.92%;--awb-spacing-left-small:1.92%;\"><div class=\"fusion-column-wrapper fusion-column-has-shadow fusion-flex-justify-content-flex-start fusion-content-layout-column\"><div class=\"fusion-title title fusion-title-3 fusion-title-text fusion-title-size-three\" style=\"--awb-text-color:var(--awb-color5);--awb-margin-top:5px;--awb-margin-bottom:0px;--awb-font-size:30px;\"><div class=\"title-sep-container title-sep-container-left fusion-no-large-visibility fusion-no-medium-visibility fusion-no-small-visibility\"><div class=\"title-sep sep- sep-solid\" style=\"border-color:var(--awb-color3);\"><\/div><\/div><span class=\"awb-title-spacer fusion-no-large-visibility fusion-no-medium-visibility fusion-no-small-visibility\"><\/span><h3 class=\"fusion-title-heading title-heading-left fusion-responsive-typography-calculated\" style=\"font-family:&quot;Howling wolf&quot;;font-style:normal;font-weight:400;margin:0;text-transform:none;font-size:1em;--fontSize:30;line-height:var(--awb-typography1-line-height);\">Sightseeing<\/h3><span class=\"awb-title-spacer\"><\/span><div class=\"title-sep-container title-sep-container-right\"><div class=\"title-sep sep- sep-solid\" style=\"border-color:var(--awb-color3);\"><\/div><\/div><\/div><ul style=\"--awb-iconcolor:var(--awb-color4);--awb-textcolor:var(--awb-color6);--awb-line-height:23.8px;--awb-icon-width:23.8px;--awb-icon-height:23.8px;--awb-icon-margin:9.8px;--awb-content-margin:33.6px;\" class=\"fusion-checklist fusion-checklist-1 fusion-checklist-default type-icons\"><li class=\"fusion-li-item\" style=\"\"><span class=\"icon-wrapper circle-no\"><i class=\"fusion-li-icon awb-icon-check\" aria-hidden=\"true\"><\/i><\/span><div class=\"fusion-li-item-content\">\n<p>City of Dax | <a href=\"http:\/\/www.dax.fr\" target=\"_blank\" rel=\"noopener\">www.dax.fr<\/a><\/p>\n<\/div><\/li><li class=\"fusion-li-item\" style=\"\"><span class=\"icon-wrapper circle-no\"><i class=\"fusion-li-icon awb-icon-check\" aria-hidden=\"true\"><\/i><\/span><div class=\"fusion-li-item-content\">\n<p>Dax Tourism Office | <a href=\"http:\/\/www.dax-tourisme.com\" target=\"_blank\" rel=\"noopener\">www.dax-tourisme.com<\/a><\/p>\n<\/div><\/li><li class=\"fusion-li-item\" style=\"\"><span class=\"icon-wrapper circle-no\"><i class=\"fusion-li-icon awb-icon-check\" aria-hidden=\"true\"><\/i><\/span><div class=\"fusion-li-item-content\">\n<p>Dax Tourisme, coach excursions | <a href=\"http:\/\/www.voyages-dax-tourisme.com\" target=\"_blank\" rel=\"noopener\">www.voyages-dax-tourisme.com<\/a><\/p>\n<div id=\"malwarebytes-root\"><\/div>\n<\/div><\/li><li class=\"fusion-li-item\" style=\"\"><span class=\"icon-wrapper circle-no\"><i class=\"fusion-li-icon awb-icon-check\" aria-hidden=\"true\"><\/i><\/span><div class=\"fusion-li-item-content\">\n<p>Transadour Voyages, coach excursions | <a href=\"http:\/\/www.transadourvoyages.com\" target=\"_blank\" rel=\"noopener\">www.transadourvoyages.com<\/a><\/p>\n<\/div><\/li><li class=\"fusion-li-item\" style=\"\"><span class=\"icon-wrapper circle-no\"><i class=\"fusion-li-icon awb-icon-check\" aria-hidden=\"true\"><\/i><\/span><div class=\"fusion-li-item-content\">\n<p>Landes Department | <a href=\"http:\/\/www.landes.fr\" target=\"_blank\" rel=\"noopener\">www.landes.fr<\/a><\/p>\n<div id=\"malwarebytes-root\"><\/div>\n<\/div><\/li><li class=\"fusion-li-item\" style=\"\"><span class=\"icon-wrapper circle-no\"><i class=\"fusion-li-icon awb-icon-check\" aria-hidden=\"true\"><\/i><\/span><div class=\"fusion-li-item-content\">\n<p>Landes Holidays | <a href=\"http:\/\/www.tourismelandes.com\" target=\"_blank\" rel=\"noopener\">www.tourismelandes.com<\/a><\/p>\n<div id=\"malwarebytes-root\"><\/div>\n<div id=\"malwarebytes-root\"><\/div>\n<\/div><\/li><\/ul><div class=\"fusion-title title fusion-title-4 fusion-title-text fusion-title-size-three\" style=\"--awb-text-color:var(--awb-color5);--awb-margin-top:10px;--awb-margin-bottom:0px;--awb-font-size:30px;\"><div class=\"title-sep-container title-sep-container-left fusion-no-large-visibility fusion-no-medium-visibility fusion-no-small-visibility\"><div class=\"title-sep sep- sep-solid\" style=\"border-color:var(--awb-color3);\"><\/div><\/div><span class=\"awb-title-spacer fusion-no-large-visibility fusion-no-medium-visibility fusion-no-small-visibility\"><\/span><h3 class=\"fusion-title-heading title-heading-left fusion-responsive-typography-calculated\" style=\"font-family:&quot;Howling wolf&quot;;font-style:normal;font-weight:400;margin:0;text-transform:none;font-size:1em;--fontSize:30;line-height:var(--awb-typography1-line-height);\">Gastronomy<\/h3><span class=\"awb-title-spacer\"><\/span><div class=\"title-sep-container title-sep-container-right\"><div class=\"title-sep sep- sep-solid\" style=\"border-color:var(--awb-color3);\"><\/div><\/div><\/div><ul style=\"--awb-iconcolor:var(--awb-color4);--awb-textcolor:var(--awb-color6);--awb-line-height:23.8px;--awb-icon-width:23.8px;--awb-icon-height:23.8px;--awb-icon-margin:9.8px;--awb-content-margin:33.6px;\" class=\"fusion-checklist fusion-checklist-2 fusion-checklist-default type-icons\"><li class=\"fusion-li-item\" style=\"\"><span class=\"icon-wrapper circle-no\"><i class=\"fusion-li-icon awb-icon-check\" aria-hidden=\"true\"><\/i><\/span><div class=\"fusion-li-item-content\">\n<p>Ferme de Beleslou, local top-quality products in Cagnotte | <a href=\"http:\/\/www.ferme-beleslou.com\" target=\"_blank\" rel=\"noopener\">www.ferme-beleslou.com<\/a><\/p>\n<div id=\"malwarebytes-root\"><\/div>\n<\/div><\/li><\/ul><\/div><\/div><div class=\"fusion-layout-column fusion_builder_column fusion-builder-column-2 fusion_builder_column_2_5 2_5 fusion-flex-column\" style=\"--awb-bg-size:cover;--awb-width-large:40%;--awb-margin-top-large:0px;--awb-spacing-right-large:4.8%;--awb-margin-bottom-large:20px;--awb-spacing-left-large:4.8%;--awb-width-medium:40%;--awb-order-medium:3;--awb-spacing-right-medium:4.8%;--awb-spacing-left-medium:4.8%;--awb-width-small:100%;--awb-order-small:3;--awb-spacing-right-small:1.92%;--awb-spacing-left-small:1.92%;\"><div class=\"fusion-column-wrapper fusion-column-has-shadow fusion-flex-justify-content-flex-start fusion-content-layout-column\"><div class=\"fusion-title title fusion-title-5 fusion-title-text fusion-title-size-three\" style=\"--awb-text-color:var(--awb-color5);--awb-margin-top:5px;--awb-margin-bottom:0px;--awb-font-size:30px;\"><div class=\"title-sep-container title-sep-container-left fusion-no-large-visibility fusion-no-medium-visibility fusion-no-small-visibility\"><div class=\"title-sep sep- sep-solid\" style=\"border-color:var(--awb-color3);\"><\/div><\/div><span class=\"awb-title-spacer fusion-no-large-visibility fusion-no-medium-visibility fusion-no-small-visibility\"><\/span><h3 class=\"fusion-title-heading title-heading-left fusion-responsive-typography-calculated\" style=\"font-family:&quot;Howling wolf&quot;;font-style:normal;font-weight:400;margin:0;text-transform:none;font-size:1em;--fontSize:30;line-height:var(--awb-typography1-line-height);\">Culture &amp; Leisure Activities<\/h3><span class=\"awb-title-spacer\"><\/span><div class=\"title-sep-container title-sep-container-right\"><div class=\"title-sep sep- sep-solid\" style=\"border-color:var(--awb-color3);\"><\/div><\/div><\/div><ul style=\"--awb-iconcolor:var(--awb-color4);--awb-textcolor:var(--awb-color6);--awb-line-height:23.8px;--awb-icon-width:23.8px;--awb-icon-height:23.8px;--awb-icon-margin:9.8px;--awb-content-margin:33.6px;\" class=\"fusion-checklist fusion-checklist-3 fusion-checklist-default type-icons\"><li class=\"fusion-li-item\" style=\"\"><span class=\"icon-wrapper circle-no\"><i class=\"fusion-li-icon awb-icon-check\" aria-hidden=\"true\"><\/i><\/span><div class=\"fusion-li-item-content\">\n<p>Dax, la f\u00e9ria | <a href=\"http:\/\/feria.dax.fr\" target=\"_blank\" rel=\"noopener\">feria.dax.fr<\/a><\/p>\n<\/div><\/li><li class=\"fusion-li-item\" style=\"\"><span class=\"icon-wrapper circle-no\"><i class=\"fusion-li-icon awb-icon-check\" aria-hidden=\"true\"><\/i><\/span><div class=\"fusion-li-item-content\">\n<p>Club hippique de Dax Boulogne (horse riding club) | <a href=\"http:\/\/daxequitation.ffe.com\" target=\"_blank\" rel=\"noopener\">daxequitation.ffe.com<\/a><\/p>\n<\/div><\/li><li class=\"fusion-li-item\" style=\"\"><span class=\"icon-wrapper circle-no\"><i class=\"fusion-li-icon awb-icon-check\" aria-hidden=\"true\"><\/i><\/span><div class=\"fusion-li-item-content\">\n<p>Dax Motor\u2019s n Blues Festival | <a href=\"http:\/\/www.dmbf.fr\" target=\"_blank\" rel=\"noopener\">www.dmbf.fr<\/a><\/p>\n<\/div><\/li><li class=\"fusion-li-item\" style=\"\"><span class=\"icon-wrapper circle-no\"><i class=\"fusion-li-icon awb-icon-check\" aria-hidden=\"true\"><\/i><\/span><div class=\"fusion-li-item-content\">\n<p>Ecomus\u00e9e de la Marqu\u00e8ze \u00e0 Sabres (Marqu\u00e8ze Ecomuseum) | <a href=\"http:\/\/www.marqueze.fr\" target=\"_blank\" rel=\"noopener\">www.marqueze.fr<\/a><\/p>\n<div id=\"malwarebytes-root\"><\/div>\n<div id=\"malwarebytes-root\"><\/div>\n<\/div><\/li><li class=\"fusion-li-item\" style=\"\"><span class=\"icon-wrapper circle-no\"><i class=\"fusion-li-icon awb-icon-check\" aria-hidden=\"true\"><\/i><\/span><div class=\"fusion-li-item-content\">\n<p>Dax Golf | <a href=\"https:\/\/www.facebook.com\/people\/USDAX-Section-Golf\/100063345422068\/\" target=\"_blank\" rel=\"noopener\">www.facebook.com<\/a><\/p>\n<\/div><\/li><\/ul><div class=\"fusion-title title fusion-title-6 fusion-title-text fusion-title-size-three\" style=\"--awb-text-color:var(--awb-color5);--awb-margin-top:10px;--awb-margin-bottom:0px;--awb-font-size:30px;\"><div class=\"title-sep-container title-sep-container-left fusion-no-large-visibility fusion-no-medium-visibility fusion-no-small-visibility\"><div class=\"title-sep sep- sep-solid\" style=\"border-color:var(--awb-color3);\"><\/div><\/div><span class=\"awb-title-spacer fusion-no-large-visibility fusion-no-medium-visibility fusion-no-small-visibility\"><\/span><h3 class=\"fusion-title-heading title-heading-left fusion-responsive-typography-calculated\" style=\"font-family:&quot;Howling wolf&quot;;font-style:normal;font-weight:400;margin:0;text-transform:none;font-size:1em;--fontSize:30;line-height:var(--awb-typography1-line-height);\">Communication<\/h3><span class=\"awb-title-spacer\"><\/span><div class=\"title-sep-container title-sep-container-right\"><div class=\"title-sep sep- sep-solid\" style=\"border-color:var(--awb-color3);\"><\/div><\/div><\/div><ul style=\"--awb-iconcolor:var(--awb-color4);--awb-textcolor:var(--awb-color6);--awb-line-height:23.8px;--awb-icon-width:23.8px;--awb-icon-height:23.8px;--awb-icon-margin:9.8px;--awb-content-margin:33.6px;\" class=\"fusion-checklist fusion-checklist-4 fusion-checklist-default type-icons\"><li class=\"fusion-li-item\" style=\"\"><span class=\"icon-wrapper circle-no\"><i class=\"fusion-li-icon awb-icon-check\" aria-hidden=\"true\"><\/i><\/span><div class=\"fusion-li-item-content\">\n<p>Adiane, internet &amp; communication | <a href=\"http:\/\/www.adiane.com\" target=\"_blank\" rel=\"noopener\">www.adiane.com<\/a><\/p>\n<div id=\"malwarebytes-root\"><\/div>\n<\/div><\/li><li class=\"fusion-li-item\" style=\"\"><span class=\"icon-wrapper circle-no\"><i class=\"fusion-li-icon awb-icon-check\" aria-hidden=\"true\"><\/i><\/span><div class=\"fusion-li-item-content\">\n<p>Isabelle San Juan, r\u00e9dactrice | <a href=\"http:\/\/www.isabelle-sanjuan.fr\" target=\"_blank\" rel=\"noopener\">www.isabelle-sanjuan.fr<\/a><\/p>\n<div id=\"malwarebytes-root\"><\/div>\n<\/div><\/li><\/ul><\/div><\/div><\/div><\/div>\n","protected":false},"excerpt":{"rendered":"","protected":false},"author":1,"featured_media":0,"parent":0,"menu_order":0,"comment_status":"closed","ping_status":"closed","template":"100-width.php","meta":{"footnotes":""},"class_list":["post-8297","page","type-page","status-publish","hentry"],"yoast_head":"<!-- This site is optimized with the Yoast SEO plugin v26.6 - https:\/\/yoast.com\/wordpress\/plugins\/seo\/ -->\n<title>Landes holidays: our weblinks | Camping les Ch\u00eanes \u2013 Dax (40), France<\/title>\n<meta name=\"description\" content=\"Meet Camping les Ch\u00eanes\u2019 partners in Dax and the Landes: sightseeing, culture, leisure activities, gastronomy, etc.\" \/>\n<meta name=\"robots\" content=\"index, follow, max-snippet:-1, max-image-preview:large, max-video-preview:-1\" \/>\n<link rel=\"canonical\" href=\"https:\/\/camping-leschenes-dax.com\/en\/sightseeing-dax-landes-40-france\/\" \/>\n<meta property=\"og:locale\" content=\"en_US\" \/>\n<meta property=\"og:type\" content=\"article\" \/>\n<meta property=\"og:title\" content=\"Landes holidays: our weblinks | Camping les Ch\u00eanes \u2013 Dax (40), France\" \/>\n<meta property=\"og:description\" content=\"Meet Camping les Ch\u00eanes\u2019 partners in Dax and the Landes: sightseeing, culture, leisure activities, gastronomy, etc.\" \/>\n<meta property=\"og:url\" content=\"https:\/\/camping-leschenes-dax.com\/en\/sightseeing-dax-landes-40-france\/\" \/>\n<meta property=\"og:site_name\" content=\"Les Ch\u00eanes\" \/>\n<meta property=\"article:modified_time\" content=\"2022-12-21T14:05:03+00:00\" \/>\n<meta property=\"og:image\" content=\"https:\/\/camping-leschenes-dax.com\/wp-content\/uploads\/2026\/01\/vue-aerienne-camping-les-chenes-dax.jpg\" \/>\n\t<meta property=\"og:image:width\" content=\"1275\" \/>\n\t<meta property=\"og:image:height\" content=\"675\" \/>\n\t<meta property=\"og:image:type\" content=\"image\/jpeg\" \/>\n<meta name=\"twitter:card\" content=\"summary_large_image\" \/>\n<meta name=\"twitter:label1\" content=\"Est. reading time\" \/>\n\t<meta name=\"twitter:data1\" content=\"7 minutes\" \/>\n<script type=\"application\/ld+json\" class=\"yoast-schema-graph\">{\"@context\":\"https:\/\/schema.org\",\"@graph\":[{\"@type\":\"WebPage\",\"@id\":\"https:\/\/camping-leschenes-dax.com\/en\/sightseeing-dax-landes-40-france\/\",\"url\":\"https:\/\/camping-leschenes-dax.com\/en\/sightseeing-dax-landes-40-france\/\",\"name\":\"Landes holidays: our weblinks | Camping les Ch\u00eanes \u2013 Dax (40), France\",\"isPartOf\":{\"@id\":\"https:\/\/camping-leschenes-dax.com\/#website\"},\"datePublished\":\"2022-11-10T06:57:06+00:00\",\"dateModified\":\"2022-12-21T14:05:03+00:00\",\"description\":\"Meet Camping les Ch\u00eanes\u2019 partners in Dax and the Landes: sightseeing, culture, leisure activities, gastronomy, etc.\",\"breadcrumb\":{\"@id\":\"https:\/\/camping-leschenes-dax.com\/en\/sightseeing-dax-landes-40-france\/#breadcrumb\"},\"inLanguage\":\"en-US\",\"potentialAction\":[{\"@type\":\"ReadAction\",\"target\":[\"https:\/\/camping-leschenes-dax.com\/en\/sightseeing-dax-landes-40-france\/\"]}]},{\"@type\":\"BreadcrumbList\",\"@id\":\"https:\/\/camping-leschenes-dax.com\/en\/sightseeing-dax-landes-40-france\/#breadcrumb\",\"itemListElement\":[{\"@type\":\"ListItem\",\"position\":1,\"name\":\"Accueil\",\"item\":\"https:\/\/camping-leschenes-dax.com\/en\/\"},{\"@type\":\"ListItem\",\"position\":2,\"name\":\"Partenaires &#8211; liens\"}]},{\"@type\":\"WebSite\",\"@id\":\"https:\/\/camping-leschenes-dax.com\/#website\",\"url\":\"https:\/\/camping-leschenes-dax.com\/\",\"name\":\"Camping Les Ch\u00eanes\",\"description\":\"Camping 4 \u00e9toiles \u00e0 Dax\",\"publisher\":{\"@id\":\"https:\/\/camping-leschenes-dax.com\/#organization\"},\"alternateName\":\"Les Ch\u00eanes\",\"potentialAction\":[{\"@type\":\"SearchAction\",\"target\":{\"@type\":\"EntryPoint\",\"urlTemplate\":\"https:\/\/camping-leschenes-dax.com\/?s={search_term_string}\"},\"query-input\":{\"@type\":\"PropertyValueSpecification\",\"valueRequired\":true,\"valueName\":\"search_term_string\"}}],\"inLanguage\":\"en-US\"},{\"@type\":\"Organization\",\"@id\":\"https:\/\/camping-leschenes-dax.com\/#organization\",\"name\":\"Camping Les Ch\u00eanes\",\"alternateName\":\"Les Ch\u00eanes\",\"url\":\"https:\/\/camping-leschenes-dax.com\/\",\"logo\":{\"@type\":\"ImageObject\",\"inLanguage\":\"en-US\",\"@id\":\"https:\/\/camping-leschenes-dax.com\/#\/schema\/logo\/image\/\",\"url\":\"https:\/\/camping-leschenes-dax.com\/wp-content\/uploads\/2025\/12\/logo-camping-les-chenes-2025-04.jpg\",\"contentUrl\":\"https:\/\/camping-leschenes-dax.com\/wp-content\/uploads\/2025\/12\/logo-camping-les-chenes-2025-04.jpg\",\"width\":330,\"height\":97,\"caption\":\"Camping Les Ch\u00eanes\"},\"image\":{\"@id\":\"https:\/\/camping-leschenes-dax.com\/#\/schema\/logo\/image\/\"}}]}<\/script>\n<!-- \/ Yoast SEO plugin. -->","yoast_head_json":{"title":"Landes holidays: our weblinks | Camping les Ch\u00eanes \u2013 Dax (40), France","description":"Meet Camping les Ch\u00eanes\u2019 partners in Dax and the Landes: sightseeing, culture, leisure activities, gastronomy, etc.","robots":{"index":"index","follow":"follow","max-snippet":"max-snippet:-1","max-image-preview":"max-image-preview:large","max-video-preview":"max-video-preview:-1"},"canonical":"https:\/\/camping-leschenes-dax.com\/en\/sightseeing-dax-landes-40-france\/","og_locale":"en_US","og_type":"article","og_title":"Landes holidays: our weblinks | Camping les Ch\u00eanes \u2013 Dax (40), France","og_description":"Meet Camping les Ch\u00eanes\u2019 partners in Dax and the Landes: sightseeing, culture, leisure activities, gastronomy, etc.","og_url":"https:\/\/camping-leschenes-dax.com\/en\/sightseeing-dax-landes-40-france\/","og_site_name":"Les Ch\u00eanes","article_modified_time":"2022-12-21T14:05:03+00:00","og_image":[{"width":1275,"height":675,"url":"https:\/\/camping-leschenes-dax.com\/wp-content\/uploads\/2026\/01\/vue-aerienne-camping-les-chenes-dax.jpg","type":"image\/jpeg"}],"twitter_card":"summary_large_image","twitter_misc":{"Est. reading time":"7 minutes"},"schema":{"@context":"https:\/\/schema.org","@graph":[{"@type":"WebPage","@id":"https:\/\/camping-leschenes-dax.com\/en\/sightseeing-dax-landes-40-france\/","url":"https:\/\/camping-leschenes-dax.com\/en\/sightseeing-dax-landes-40-france\/","name":"Landes holidays: our weblinks | Camping les Ch\u00eanes \u2013 Dax (40), France","isPartOf":{"@id":"https:\/\/camping-leschenes-dax.com\/#website"},"datePublished":"2022-11-10T06:57:06+00:00","dateModified":"2022-12-21T14:05:03+00:00","description":"Meet Camping les Ch\u00eanes\u2019 partners in Dax and the Landes: sightseeing, culture, leisure activities, gastronomy, etc.","breadcrumb":{"@id":"https:\/\/camping-leschenes-dax.com\/en\/sightseeing-dax-landes-40-france\/#breadcrumb"},"inLanguage":"en-US","potentialAction":[{"@type":"ReadAction","target":["https:\/\/camping-leschenes-dax.com\/en\/sightseeing-dax-landes-40-france\/"]}]},{"@type":"BreadcrumbList","@id":"https:\/\/camping-leschenes-dax.com\/en\/sightseeing-dax-landes-40-france\/#breadcrumb","itemListElement":[{"@type":"ListItem","position":1,"name":"Accueil","item":"https:\/\/camping-leschenes-dax.com\/en\/"},{"@type":"ListItem","position":2,"name":"Partenaires &#8211; liens"}]},{"@type":"WebSite","@id":"https:\/\/camping-leschenes-dax.com\/#website","url":"https:\/\/camping-leschenes-dax.com\/","name":"Camping Les Ch\u00eanes","description":"Camping 4 \u00e9toiles \u00e0 Dax","publisher":{"@id":"https:\/\/camping-leschenes-dax.com\/#organization"},"alternateName":"Les Ch\u00eanes","potentialAction":[{"@type":"SearchAction","target":{"@type":"EntryPoint","urlTemplate":"https:\/\/camping-leschenes-dax.com\/?s={search_term_string}"},"query-input":{"@type":"PropertyValueSpecification","valueRequired":true,"valueName":"search_term_string"}}],"inLanguage":"en-US"},{"@type":"Organization","@id":"https:\/\/camping-leschenes-dax.com\/#organization","name":"Camping Les Ch\u00eanes","alternateName":"Les Ch\u00eanes","url":"https:\/\/camping-leschenes-dax.com\/","logo":{"@type":"ImageObject","inLanguage":"en-US","@id":"https:\/\/camping-leschenes-dax.com\/#\/schema\/logo\/image\/","url":"https:\/\/camping-leschenes-dax.com\/wp-content\/uploads\/2025\/12\/logo-camping-les-chenes-2025-04.jpg","contentUrl":"https:\/\/camping-leschenes-dax.com\/wp-content\/uploads\/2025\/12\/logo-camping-les-chenes-2025-04.jpg","width":330,"height":97,"caption":"Camping Les Ch\u00eanes"},"image":{"@id":"https:\/\/camping-leschenes-dax.com\/#\/schema\/logo\/image\/"}}]}},"_links":{"self":[{"href":"https:\/\/camping-leschenes-dax.com\/en\/wp-json\/wp\/v2\/pages\/8297","targetHints":{"allow":["GET"]}}],"collection":[{"href":"https:\/\/camping-leschenes-dax.com\/en\/wp-json\/wp\/v2\/pages"}],"about":[{"href":"https:\/\/camping-leschenes-dax.com\/en\/wp-json\/wp\/v2\/types\/page"}],"author":[{"embeddable":true,"href":"https:\/\/camping-leschenes-dax.com\/en\/wp-json\/wp\/v2\/users\/1"}],"replies":[{"embeddable":true,"href":"https:\/\/camping-leschenes-dax.com\/en\/wp-json\/wp\/v2\/comments?post=8297"}],"version-history":[{"count":3,"href":"https:\/\/camping-leschenes-dax.com\/en\/wp-json\/wp\/v2\/pages\/8297\/revisions"}],"predecessor-version":[{"id":9022,"href":"https:\/\/camping-leschenes-dax.com\/en\/wp-json\/wp\/v2\/pages\/8297\/revisions\/9022"}],"wp:attachment":[{"href":"https:\/\/camping-leschenes-dax.com\/en\/wp-json\/wp\/v2\/media?parent=8297"}],"curies":[{"name":"wp","href":"https:\/\/api.w.org\/{rel}","templated":true}]}}