{"id":8301,"date":"2022-10-24T11:00:21","date_gmt":"2022-10-24T09:00:21","guid":{"rendered":"http:\/\/chenes.adiane.eu\/politique-de-confidentialite\/"},"modified":"2022-12-22T11:51:47","modified_gmt":"2022-12-22T10:51:47","slug":"privacy-policy","status":"publish","type":"page","link":"https:\/\/camping-leschenes-dax.com\/en\/privacy-policy\/","title":{"rendered":"Privacy Policy"},"content":{"rendered":"<p><div class=\"fusion-fullwidth fullwidth-box fusion-builder-row-1 fusion-flex-container has-pattern-background has-mask-background fusion-parallax-none nonhundred-percent-fullwidth non-hundred-percent-height-scrolling lazyload\" style=\"--awb-background-position:center top;--awb-border-radius-top-left:0px;--awb-border-radius-top-right:0px;--awb-border-radius-bottom-right:0px;--awb-border-radius-bottom-left:0px;--awb-padding-top:70px;--awb-padding-bottom:0px;--awb-padding-top-medium:40px;--awb-padding-bottom-medium:0px;--awb-padding-top-small:20px;--awb-padding-bottom-small:0px;--awb-margin-bottom:0px;--awb-margin-bottom-medium:0px;--awb-margin-bottom-small:0px;--awb-background-size:cover;--awb-flex-wrap:wrap;\" data-bg=\"https:\/\/camping-leschenes-dax.com\/wp-content\/uploads\/2022\/11\/fond_page_int2.svg\" ><div class=\"fusion-builder-row fusion-row fusion-flex-align-items-flex-start fusion-flex-justify-content-center fusion-flex-content-wrap\" style=\"max-width:1300px;margin-left: calc(-4% \/ 2 );margin-right: calc(-4% \/ 2 );\"><div class=\"fusion-layout-column fusion_builder_column fusion-builder-column-0 fusion-flex-column\" style=\"--awb-padding-top:50px;--awb-padding-right:50px;--awb-padding-left:50px;--awb-padding-top-medium:30px;--awb-padding-right-medium:30px;--awb-padding-bottom-medium:0px;--awb-padding-left-medium:30px;--awb-padding-top-small:30px;--awb-padding-right-small:30px;--awb-padding-bottom-small:0px;--awb-padding-left-small:30px;--awb-bg-color:var(--awb-custom_color_2);--awb-bg-color-hover:var(--awb-custom_color_2);--awb-bg-size:cover;--awb-width-large:90%;--awb-margin-top-large:-150px;--awb-spacing-right-large:2.1333333333333%;--awb-margin-bottom-large:20px;--awb-spacing-left-large:2.1333333333333%;--awb-width-medium:90%;--awb-order-medium:1;--awb-margin-top-medium:-150px;--awb-spacing-right-medium:2.1333333333333%;--awb-spacing-left-medium:2.1333333333333%;--awb-width-small:100%;--awb-order-small:1;--awb-margin-top-small:-100px;--awb-spacing-right-small:1.92%;--awb-spacing-left-small:1.92%;\"><div class=\"fusion-column-wrapper fusion-column-has-shadow fusion-flex-justify-content-flex-start fusion-content-layout-column\"><div class=\"fusion-title title fusion-title-1 fusion-title-center fusion-title-text fusion-title-size-one\" style=\"--awb-margin-bottom:0px;--awb-font-size:20px;\"><div class=\"title-sep-container title-sep-container-left\"><div class=\"title-sep sep- sep-solid\" style=\"border-color:var(--awb-color3);\"><\/div><\/div><span class=\"awb-title-spacer\"><\/span><h1 class=\"fusion-title-heading title-heading-center fusion-responsive-typography-calculated\" style=\"font-family:&quot;Poppins&quot;;font-style:normal;font-weight:500;margin:0;text-transform:uppercase;font-size:1em;--fontSize:20;--minFontSize:20;line-height:1;\">4-star Camping les Ch\u00eanes<\/h1><span class=\"awb-title-spacer\"><\/span><div class=\"title-sep-container title-sep-container-right\"><div class=\"title-sep sep- sep-solid\" style=\"border-color:var(--awb-color3);\"><\/div><\/div><\/div><div class=\"fusion-title title fusion-title-2 fusion-title-center fusion-title-text fusion-title-size-two\" style=\"--awb-text-color:var(--awb-color7);--awb-margin-top:5px;--awb-margin-bottom:0px;\"><div class=\"title-sep-container title-sep-container-left\"><div class=\"title-sep sep- sep-solid\" style=\"border-color:var(--awb-color3);\"><\/div><\/div><span class=\"awb-title-spacer\"><\/span><h2 class=\"fusion-title-heading title-heading-center fusion-responsive-typography-calculated\" style=\"font-family:&quot;Howling wolf&quot;;font-style:normal;font-weight:400;margin:0;text-transform:none;--fontSize:38;line-height:1.1;\">Personal data protection and cookies<\/h2><span class=\"awb-title-spacer\"><\/span><div class=\"title-sep-container title-sep-container-right\"><div class=\"title-sep sep- sep-solid\" style=\"border-color:var(--awb-color3);\"><\/div><\/div><\/div><div class=\"fusion-image-element \" style=\"text-align:center;--awb-margin-top:5px;--awb-margin-bottom:5px;--awb-caption-title-font-family:var(--h2_typography-font-family);--awb-caption-title-font-weight:var(--h2_typography-font-weight);--awb-caption-title-font-style:var(--h2_typography-font-style);--awb-caption-title-size:var(--h2_typography-font-size);--awb-caption-title-transform:var(--h2_typography-text-transform);--awb-caption-title-line-height:var(--h2_typography-line-height);--awb-caption-title-letter-spacing:var(--h2_typography-letter-spacing);\"><span class=\" fusion-imageframe imageframe-none imageframe-1 hover-type-none\"><img decoding=\"async\" width=\"59\" height=\"24\" title=\"wave\" src=\"data:image\/svg+xml,%3Csvg%20xmlns%3D%27http%3A%2F%2Fwww.w3.org%2F2000%2Fsvg%27%20width%3D%2759%27%20height%3D%2724%27%20viewBox%3D%270%200%2059%2024%27%3E%3Crect%20width%3D%2759%27%20height%3D%2724%27%20fill-opacity%3D%220%22%2F%3E%3C%2Fsvg%3E\" data-orig-src=\"https:\/\/camping-leschenes-dax.com\/wp-content\/uploads\/2022\/10\/wave.png\" alt class=\"lazyload img-responsive wp-image-7758\"\/><\/span><\/div><\/div><\/div><\/div><\/div><div class=\"fusion-fullwidth fullwidth-box fusion-builder-row-2 fusion-flex-container has-pattern-background has-mask-background fusion-parallax-none nonhundred-percent-fullwidth non-hundred-percent-height-scrolling lazyload\" style=\"--awb-background-position:center top;--awb-border-radius-top-left:0px;--awb-border-radius-top-right:0px;--awb-border-radius-bottom-right:0px;--awb-border-radius-bottom-left:0px;--awb-padding-top:0px;--awb-padding-bottom:0px;--awb-padding-top-medium:0px;--awb-padding-bottom-medium:0px;--awb-padding-top-small:0px;--awb-padding-bottom-small:0px;--awb-margin-bottom:0px;--awb-margin-bottom-medium:0px;--awb-margin-bottom-small:0px;--awb-background-size:cover;--awb-flex-wrap:wrap;\" data-bg=\"https:\/\/camping-leschenes-dax.com\/wp-content\/uploads\/2022\/11\/page5.svg\" ><div class=\"fusion-builder-row fusion-row fusion-flex-align-items-flex-start fusion-flex-justify-content-center fusion-flex-content-wrap\" style=\"max-width:1300px;margin-left: calc(-4% \/ 2 );margin-right: calc(-4% \/ 2 );\"><div class=\"fusion-layout-column fusion_builder_column fusion-builder-column-1 fusion_builder_column_5_6 5_6 fusion-flex-column fusion-flex-align-self-flex-start\" style=\"--awb-padding-right:40px;--awb-padding-left:40px;--awb-padding-top-medium:0px;--awb-padding-right-medium:40px;--awb-padding-bottom-medium:0px;--awb-padding-left-medium:40px;--awb-padding-top-small:10px;--awb-padding-right-small:10px;--awb-padding-bottom-small:0px;--awb-padding-left-small:10px;--awb-bg-size:cover;--awb-width-large:83.333333333333%;--awb-margin-top-large:0px;--awb-spacing-right-large:2.304%;--awb-margin-bottom-large:20px;--awb-spacing-left-large:2.304%;--awb-width-medium:90%;--awb-order-medium:4;--awb-spacing-right-medium:2.1333333333333%;--awb-spacing-left-medium:2.1333333333333%;--awb-width-small:100%;--awb-order-small:4;--awb-spacing-right-small:1.92%;--awb-spacing-left-small:1.92%;\"><div class=\"fusion-column-wrapper fusion-column-has-shadow fusion-flex-justify-content-center fusion-content-layout-column\"><div class=\"fusion-text fusion-text-1\" style=\"--awb-content-alignment:justify;--awb-line-height:20px;--awb-letter-spacing:1px;--awb-text-transform:none;--awb-text-color:var(--awb-color6);--awb-text-font-family:&quot;Poppins&quot;;--awb-text-font-style:normal;--awb-text-font-weight:400;\"><p>Camping les Ch\u00eanes has agreed to ensure that the collection and processing of your data from the camping-leschenes-dax.com website complies with the French General Data Protection Regulation (GDPR) and the French Data Protection Act.<\/p>\n<p><strong>\u2022 Who will receive your data?<\/strong><\/p>\n<p>Camping les Ch\u00eanes is responsible for processing personal data for the camping-leschenes-dax.com website.<br \/>\nThe personal data collected is for internal use only and is not intended to be shared with third parties except as provided for by law and regulations.<\/p>\n<p><strong>\u2022 What is your data used for?<\/strong><\/p>\n<p>The purpose of personal data processing done by camping-leschenes-dax.com is the following:<\/p>\n<ul>\n<li>Releasing information;<\/li>\n<li>Providing ways for users to interact with it;<\/li>\n<li>Ensuring that the website works correctly and improve browsing for you.<\/li>\n<\/ul>\n<p><strong>\u2022 How is your data collected?<\/strong><\/p>\n<p>Your data may first be collected on forms. Each form limits personal data collection to what is strictly necessary (minimising data) and states in particular:<\/p>\n<ul>\n<li>The objectives of this data collection (purposes);<\/li>\n<li>Whether this data is compulsory or optional to manage your request;<\/li>\n<li>Who can see it (only camping-leschenes-dax.com, unless specified otherwise in the form);<\/li>\n<li>How to exercise your data protection rights for the data collected.<\/li>\n<\/ul>\n<p>Your data may also be collected through applications on the camping-leschenes-dax.com website, especially technical data related to your browsing (e.g. IP address, login data).<\/p>\n<p><strong>\u2022 How long is your data kept?<\/strong><\/p>\n<p>In general, your data is kept by Camping les Ch\u00eanes for 5 years, except for:<\/p>\n<ul>\n<li>Your choice of cookies, which is kept for 6 months;<\/li>\n<li>Data collected through cookies, which is kept for 25 months.<\/li>\n<\/ul>\n<p><strong>\u2022 About cookies<\/strong><\/p>\n<p>When you visit the camping-leschenes-dax.com website, three types of cookies are placed on your computer, your mobile phone or your tablet. A &#8220;cookie&#8221; is a piece of information, usually small and identified by a name, which may be sent to your browser by a website you are visiting. Your web browser will store it for a period of time, and send it back to the web server each time you log on again.<\/p>\n<p><strong>Technical cookies strictly necessary for the website to work<\/strong><br \/>\nThe camping-leschenes-dax.com website uses cookies to enable the website to work. They cannot be disabled unless you refuse all cookies in your browser settings. However, your experience using the website may be negatively impacted.<\/p>\n<p><strong>Audience Measurement Cookies<\/strong><br \/>\nOur website uses audience measurement cookies. Some of these cookies are strictly necessary for the website to work and its day-to-day administration. You may nevertheless oppose their use.<br \/>\nOur website also uses audience measurement cookies that go beyond these purposes and allow us to improve a user\u2019s browsing on our website. As these cookies are not strictly necessary, they are subject to your consent, which you are asked to give or refuse when you first visit camping-leschenes-dax.com. You can change your choice at any time by clicking on \u201cCookie Options\u201d on the bottom right of the screen.<\/p>\n<p><strong>\u2022 What are your rights concerning your data and how can you exercise them?<\/strong><\/p>\n<p>You have the following rights concerning the use of your personal data:<\/p>\n<ul>\n<li>Obtain confirmation as to whether or not data concerning you is being processed and, when it is, obtain access to said data and information about its processing;<\/li>\n<li>Have inaccurate data corrected;<\/li>\n<li>In some specific cases, obtain the deletion of some of your data;<\/li>\n<li>In some specific cases, obtain a restriction on the processing we carry out;<\/li>\n<li>You object to the processing of your data for reasons concerning your particular situation or, regardless of your particular situation, you object to the use of your data for marketing purposes;<\/li>\n<li>Withdraw your consent at any time in the future, if it was the legal basis for processing your data;<\/li>\n<li>Receive the date you have provided and\/or request that it be transferred to another processing manager;<\/li>\n<li>If you live in France, define what the fate of your data will be after your death.<\/li>\n<\/ul>\n<p>If you wish to exercise your rights or obtain information about the processing of personal data managed by Camping les Ch\u00eanes, you may contact the Data Protection Officer (\u201cDPO\u201d) by mail at the following address:<\/p>\n<p>Camping les Ch\u00eanes<br \/>\nAttention: Data Protection Officer<br \/>\nAll\u00e9e du Bois de Boulogne<br \/>\n40100 Dax<\/p>\n<p>Please attach any document proving your identity and the valid reason for your request with your claim.<\/p>\n<p>In the event of unresolved difficulties in connection with the use of your personal data, you may refer the matter to the CNIL (French National Commission for Information Technology and Civil Liberties).<\/p>\n<\/div><\/div><\/div><\/div><\/div><\/p>\n","protected":false},"excerpt":{"rendered":"","protected":false},"author":1,"featured_media":0,"parent":0,"menu_order":0,"comment_status":"closed","ping_status":"open","template":"","meta":{"footnotes":""},"class_list":["post-8301","page","type-page","status-publish","hentry"],"yoast_head":"<!-- This site is optimized with the Yoast SEO plugin v26.6 - https:\/\/yoast.com\/wordpress\/plugins\/seo\/ -->\n<title>Privacy Policy - Les Ch\u00eanes<\/title>\n<meta name=\"robots\" content=\"index, follow, max-snippet:-1, max-image-preview:large, max-video-preview:-1\" \/>\n<link rel=\"canonical\" href=\"https:\/\/camping-leschenes-dax.com\/en\/privacy-policy\/\" \/>\n<meta property=\"og:locale\" content=\"en_US\" \/>\n<meta property=\"og:type\" content=\"article\" \/>\n<meta property=\"og:title\" content=\"Privacy Policy - Les Ch\u00eanes\" \/>\n<meta property=\"og:url\" content=\"https:\/\/camping-leschenes-dax.com\/en\/privacy-policy\/\" \/>\n<meta property=\"og:site_name\" content=\"Les Ch\u00eanes\" \/>\n<meta property=\"article:modified_time\" content=\"2022-12-22T10:51:47+00:00\" \/>\n<meta property=\"og:image\" content=\"https:\/\/camping-leschenes-dax.com\/wp-content\/uploads\/2026\/01\/vue-aerienne-camping-les-chenes-dax.jpg\" \/>\n\t<meta property=\"og:image:width\" content=\"1275\" \/>\n\t<meta property=\"og:image:height\" content=\"675\" \/>\n\t<meta property=\"og:image:type\" content=\"image\/jpeg\" \/>\n<meta name=\"twitter:card\" content=\"summary_large_image\" \/>\n<meta name=\"twitter:label1\" content=\"Est. reading time\" \/>\n\t<meta name=\"twitter:data1\" content=\"9 minutes\" \/>\n<script type=\"application\/ld+json\" class=\"yoast-schema-graph\">{\"@context\":\"https:\/\/schema.org\",\"@graph\":[{\"@type\":\"WebPage\",\"@id\":\"https:\/\/camping-leschenes-dax.com\/en\/privacy-policy\/\",\"url\":\"https:\/\/camping-leschenes-dax.com\/en\/privacy-policy\/\",\"name\":\"Privacy Policy - Les Ch\u00eanes\",\"isPartOf\":{\"@id\":\"https:\/\/camping-leschenes-dax.com\/#website\"},\"datePublished\":\"2022-10-24T09:00:21+00:00\",\"dateModified\":\"2022-12-22T10:51:47+00:00\",\"breadcrumb\":{\"@id\":\"https:\/\/camping-leschenes-dax.com\/en\/privacy-policy\/#breadcrumb\"},\"inLanguage\":\"en-US\",\"potentialAction\":[{\"@type\":\"ReadAction\",\"target\":[\"https:\/\/camping-leschenes-dax.com\/en\/privacy-policy\/\"]}]},{\"@type\":\"BreadcrumbList\",\"@id\":\"https:\/\/camping-leschenes-dax.com\/en\/privacy-policy\/#breadcrumb\",\"itemListElement\":[{\"@type\":\"ListItem\",\"position\":1,\"name\":\"Accueil\",\"item\":\"https:\/\/camping-leschenes-dax.com\/en\/\"},{\"@type\":\"ListItem\",\"position\":2,\"name\":\"Privacy Policy\"}]},{\"@type\":\"WebSite\",\"@id\":\"https:\/\/camping-leschenes-dax.com\/#website\",\"url\":\"https:\/\/camping-leschenes-dax.com\/\",\"name\":\"Camping Les Ch\u00eanes\",\"description\":\"Camping 4 \u00e9toiles \u00e0 Dax\",\"publisher\":{\"@id\":\"https:\/\/camping-leschenes-dax.com\/#organization\"},\"alternateName\":\"Les Ch\u00eanes\",\"potentialAction\":[{\"@type\":\"SearchAction\",\"target\":{\"@type\":\"EntryPoint\",\"urlTemplate\":\"https:\/\/camping-leschenes-dax.com\/?s={search_term_string}\"},\"query-input\":{\"@type\":\"PropertyValueSpecification\",\"valueRequired\":true,\"valueName\":\"search_term_string\"}}],\"inLanguage\":\"en-US\"},{\"@type\":\"Organization\",\"@id\":\"https:\/\/camping-leschenes-dax.com\/#organization\",\"name\":\"Camping Les Ch\u00eanes\",\"alternateName\":\"Les Ch\u00eanes\",\"url\":\"https:\/\/camping-leschenes-dax.com\/\",\"logo\":{\"@type\":\"ImageObject\",\"inLanguage\":\"en-US\",\"@id\":\"https:\/\/camping-leschenes-dax.com\/#\/schema\/logo\/image\/\",\"url\":\"https:\/\/camping-leschenes-dax.com\/wp-content\/uploads\/2025\/12\/logo-camping-les-chenes-2025-04.jpg\",\"contentUrl\":\"https:\/\/camping-leschenes-dax.com\/wp-content\/uploads\/2025\/12\/logo-camping-les-chenes-2025-04.jpg\",\"width\":330,\"height\":97,\"caption\":\"Camping Les Ch\u00eanes\"},\"image\":{\"@id\":\"https:\/\/camping-leschenes-dax.com\/#\/schema\/logo\/image\/\"}}]}<\/script>\n<!-- \/ Yoast SEO plugin. -->","yoast_head_json":{"title":"Privacy Policy - Les Ch\u00eanes","robots":{"index":"index","follow":"follow","max-snippet":"max-snippet:-1","max-image-preview":"max-image-preview:large","max-video-preview":"max-video-preview:-1"},"canonical":"https:\/\/camping-leschenes-dax.com\/en\/privacy-policy\/","og_locale":"en_US","og_type":"article","og_title":"Privacy Policy - Les Ch\u00eanes","og_url":"https:\/\/camping-leschenes-dax.com\/en\/privacy-policy\/","og_site_name":"Les Ch\u00eanes","article_modified_time":"2022-12-22T10:51:47+00:00","og_image":[{"width":1275,"height":675,"url":"https:\/\/camping-leschenes-dax.com\/wp-content\/uploads\/2026\/01\/vue-aerienne-camping-les-chenes-dax.jpg","type":"image\/jpeg"}],"twitter_card":"summary_large_image","twitter_misc":{"Est. reading time":"9 minutes"},"schema":{"@context":"https:\/\/schema.org","@graph":[{"@type":"WebPage","@id":"https:\/\/camping-leschenes-dax.com\/en\/privacy-policy\/","url":"https:\/\/camping-leschenes-dax.com\/en\/privacy-policy\/","name":"Privacy Policy - Les Ch\u00eanes","isPartOf":{"@id":"https:\/\/camping-leschenes-dax.com\/#website"},"datePublished":"2022-10-24T09:00:21+00:00","dateModified":"2022-12-22T10:51:47+00:00","breadcrumb":{"@id":"https:\/\/camping-leschenes-dax.com\/en\/privacy-policy\/#breadcrumb"},"inLanguage":"en-US","potentialAction":[{"@type":"ReadAction","target":["https:\/\/camping-leschenes-dax.com\/en\/privacy-policy\/"]}]},{"@type":"BreadcrumbList","@id":"https:\/\/camping-leschenes-dax.com\/en\/privacy-policy\/#breadcrumb","itemListElement":[{"@type":"ListItem","position":1,"name":"Accueil","item":"https:\/\/camping-leschenes-dax.com\/en\/"},{"@type":"ListItem","position":2,"name":"Privacy Policy"}]},{"@type":"WebSite","@id":"https:\/\/camping-leschenes-dax.com\/#website","url":"https:\/\/camping-leschenes-dax.com\/","name":"Camping Les Ch\u00eanes","description":"Camping 4 \u00e9toiles \u00e0 Dax","publisher":{"@id":"https:\/\/camping-leschenes-dax.com\/#organization"},"alternateName":"Les Ch\u00eanes","potentialAction":[{"@type":"SearchAction","target":{"@type":"EntryPoint","urlTemplate":"https:\/\/camping-leschenes-dax.com\/?s={search_term_string}"},"query-input":{"@type":"PropertyValueSpecification","valueRequired":true,"valueName":"search_term_string"}}],"inLanguage":"en-US"},{"@type":"Organization","@id":"https:\/\/camping-leschenes-dax.com\/#organization","name":"Camping Les Ch\u00eanes","alternateName":"Les Ch\u00eanes","url":"https:\/\/camping-leschenes-dax.com\/","logo":{"@type":"ImageObject","inLanguage":"en-US","@id":"https:\/\/camping-leschenes-dax.com\/#\/schema\/logo\/image\/","url":"https:\/\/camping-leschenes-dax.com\/wp-content\/uploads\/2025\/12\/logo-camping-les-chenes-2025-04.jpg","contentUrl":"https:\/\/camping-leschenes-dax.com\/wp-content\/uploads\/2025\/12\/logo-camping-les-chenes-2025-04.jpg","width":330,"height":97,"caption":"Camping Les Ch\u00eanes"},"image":{"@id":"https:\/\/camping-leschenes-dax.com\/#\/schema\/logo\/image\/"}}]}},"_links":{"self":[{"href":"https:\/\/camping-leschenes-dax.com\/en\/wp-json\/wp\/v2\/pages\/8301","targetHints":{"allow":["GET"]}}],"collection":[{"href":"https:\/\/camping-leschenes-dax.com\/en\/wp-json\/wp\/v2\/pages"}],"about":[{"href":"https:\/\/camping-leschenes-dax.com\/en\/wp-json\/wp\/v2\/types\/page"}],"author":[{"embeddable":true,"href":"https:\/\/camping-leschenes-dax.com\/en\/wp-json\/wp\/v2\/users\/1"}],"replies":[{"embeddable":true,"href":"https:\/\/camping-leschenes-dax.com\/en\/wp-json\/wp\/v2\/comments?post=8301"}],"version-history":[{"count":4,"href":"https:\/\/camping-leschenes-dax.com\/en\/wp-json\/wp\/v2\/pages\/8301\/revisions"}],"predecessor-version":[{"id":9041,"href":"https:\/\/camping-leschenes-dax.com\/en\/wp-json\/wp\/v2\/pages\/8301\/revisions\/9041"}],"wp:attachment":[{"href":"https:\/\/camping-leschenes-dax.com\/en\/wp-json\/wp\/v2\/media?parent=8301"}],"curies":[{"name":"wp","href":"https:\/\/api.w.org\/{rel}","templated":true}]}}